{"id":335691,"date":"2024-03-01T19:43:46","date_gmt":"2024-03-01T18:43:46","guid":{"rendered":"https:\/\/gajostest.a2hosted.com\/eshop\/clovelly-rws-pilot-bunda\/"},"modified":"2026-05-07T21:22:25","modified_gmt":"2026-05-07T19:22:25","slug":"clovelly-rws-pilot-bunda","status":"publish","type":"product","link":"https:\/\/gajos.sk\/eshop\/p\/clovelly-rws-pilot-bunda\/","title":{"rendered":"CLOVELLY RWS pilot bunda"},"content":{"rendered":"","protected":false},"excerpt":{"rendered":"<p>certifikovan\u00e9 pod\u013ea RIS 3279 TOM pre pou\u017eitie na \u017eelezniciach; hi-vis bunda s reflexn\u00fdmi pruhmi; kapuc\u0148a integrovan\u00e1 v goliery; podlepen\u00e9 \u0161vy; reflexn\u00e9 p\u00e1siky 3M<\/p>\n","protected":false},"featured_media":335693,"template":"","meta":{"_acf_changed":false,"inline_featured_image":false},"product_brand":[],"product_cat":[2164,2121,2122],"product_tag":[1179],"class_list":{"0":"post-335691","1":"product","2":"type-product","3":"status-publish","4":"has-post-thumbnail","6":"product_cat-pilot-bundy","7":"product_cat-odevy","8":"product_cat-bundy-a-kabaty","9":"product_tag-cerva","10":"pa_farba-hv-oranzova","11":"pa_velkost-xl","12":"pa_velkost-l","13":"pa_velkost-3xl","14":"pa_velkost-xxl","16":"first","17":"instock","18":"taxable","19":"shipping-taxable","20":"purchasable","21":"product-type-variable"},"acf":[],"_links":{"self":[{"href":"https:\/\/gajos.sk\/eshop\/wp-json\/wp\/v2\/product\/335691","targetHints":{"allow":["GET"]}}],"collection":[{"href":"https:\/\/gajos.sk\/eshop\/wp-json\/wp\/v2\/product"}],"about":[{"href":"https:\/\/gajos.sk\/eshop\/wp-json\/wp\/v2\/types\/product"}],"wp:featuredmedia":[{"embeddable":true,"href":"https:\/\/gajos.sk\/eshop\/wp-json\/wp\/v2\/media\/335693"}],"wp:attachment":[{"href":"https:\/\/gajos.sk\/eshop\/wp-json\/wp\/v2\/media?parent=335691"}],"wp:term":[{"taxonomy":"product_brand","embeddable":true,"href":"https:\/\/gajos.sk\/eshop\/wp-json\/wp\/v2\/product_brand?post=335691"},{"taxonomy":"product_cat","embeddable":true,"href":"https:\/\/gajos.sk\/eshop\/wp-json\/wp\/v2\/product_cat?post=335691"},{"taxonomy":"product_tag","embeddable":true,"href":"https:\/\/gajos.sk\/eshop\/wp-json\/wp\/v2\/product_tag?post=335691"}],"curies":[{"name":"wp","href":"https:\/\/api.w.org\/{rel}","templated":true}]}}