{"id":335656,"date":"2024-03-01T19:43:33","date_gmt":"2024-03-01T18:43:33","guid":{"rendered":"https:\/\/gajostest.a2hosted.com\/eshop\/forest-profi-stretch-bunda\/"},"modified":"2026-04-11T17:48:46","modified_gmt":"2026-04-11T15:48:46","slug":"forest-profi-stretch-bunda","status":"publish","type":"product","link":"https:\/\/gajos.sk\/eshop\/p\/forest-profi-stretch-bunda\/","title":{"rendered":"FOREST PROFI STRETCH bunda"},"content":{"rendered":"","protected":false},"excerpt":{"rendered":"<p>\u2022 bunda Forestprofi je z unik\u00e1tnej stre\u010dovej tkaniny zais\u0165uj\u00facej jej priedu\u0161nos\u0165 a vodeodpudivos\u0165 \u2022 funk\u010dn\u00e1 pletenina Coolmax k maxim\u00e1lne mo\u017en\u00e9mu odvodu potu a k podpore syst\u00e9mu ventil\u00e1cie bundy \u2022 ergonomicky umiestnen\u00e9 vreck\u00e1 na telef\u00f3n a bal\u00ed\u010dek prvej pomoci \u2022 reflexn\u00e9 prvky \u2022 odvetranie vrchnej chrbtovej \u010dasti \u2022 ruk\u00e1vy v podpazu\u0161\u00ed so zipsom<\/p>\n","protected":false},"featured_media":335658,"template":"","meta":{"_acf_changed":false,"inline_featured_image":false},"product_brand":[],"product_cat":[2121,2122,2123],"product_tag":[1353],"class_list":{"0":"post-335656","1":"product","2":"type-product","3":"status-publish","4":"has-post-thumbnail","6":"product_cat-odevy","7":"product_cat-bundy-a-kabaty","8":"product_cat-bundy","9":"product_tag-profesional","10":"pa_farba-cervena-zlta","11":"pa_velkost-58-194","13":"first","14":"instock","15":"taxable","16":"shipping-taxable","17":"product-type-variable"},"acf":[],"_links":{"self":[{"href":"https:\/\/gajos.sk\/eshop\/wp-json\/wp\/v2\/product\/335656","targetHints":{"allow":["GET"]}}],"collection":[{"href":"https:\/\/gajos.sk\/eshop\/wp-json\/wp\/v2\/product"}],"about":[{"href":"https:\/\/gajos.sk\/eshop\/wp-json\/wp\/v2\/types\/product"}],"wp:featuredmedia":[{"embeddable":true,"href":"https:\/\/gajos.sk\/eshop\/wp-json\/wp\/v2\/media\/335658"}],"wp:attachment":[{"href":"https:\/\/gajos.sk\/eshop\/wp-json\/wp\/v2\/media?parent=335656"}],"wp:term":[{"taxonomy":"product_brand","embeddable":true,"href":"https:\/\/gajos.sk\/eshop\/wp-json\/wp\/v2\/product_brand?post=335656"},{"taxonomy":"product_cat","embeddable":true,"href":"https:\/\/gajos.sk\/eshop\/wp-json\/wp\/v2\/product_cat?post=335656"},{"taxonomy":"product_tag","embeddable":true,"href":"https:\/\/gajos.sk\/eshop\/wp-json\/wp\/v2\/product_tag?post=335656"}],"curies":[{"name":"wp","href":"https:\/\/api.w.org\/{rel}","templated":true}]}}