{"id":335620,"date":"2024-03-01T19:43:16","date_gmt":"2024-03-01T18:43:16","guid":{"rendered":"https:\/\/gajostest.a2hosted.com\/eshop\/sip-1xsk-bunda\/"},"modified":"2026-05-07T21:22:25","modified_gmt":"2026-05-07T19:22:25","slug":"sip-1xsk-bunda","status":"publish","type":"product","link":"https:\/\/gajos.sk\/eshop\/p\/sip-1xsk-bunda\/","title":{"rendered":"SIP 1XSK bunda"},"content":{"rendered":"","protected":false},"excerpt":{"rendered":"<p>\u2022 vysoko vidite\u013en\u00e9 farby, \u013eahko rozpoznate\u013en\u00e9 v lese \u2022 zap\u00ednanie na zips na \u013eavej strane \u2022 vrecko s pr\u00edklopkou \u2022 zap\u00ednanie ruk\u00e1vov na cvoky \u2022 odvetr\u00e1vanie na chrbte \u2022 pred\u013a\u017een\u00e1 zadn\u00e1 \u010das\u0165<\/p>\n","protected":false},"featured_media":335622,"template":"","meta":{"_acf_changed":false,"inline_featured_image":false},"product_brand":[],"product_cat":[2121,2122,2123],"product_tag":[1421],"class_list":{"0":"post-335620","1":"product","2":"type-product","3":"status-publish","4":"has-post-thumbnail","6":"product_cat-odevy","7":"product_cat-bundy-a-kabaty","8":"product_cat-bundy","9":"product_tag-sip","10":"pa_farba-cervena-zlta","11":"pa_velkost-m","12":"pa_velkost-s","13":"pa_velkost-3xl","14":"pa_velkost-xxl","15":"pa_velkost-xl","16":"pa_velkost-l","18":"first","19":"instock","20":"taxable","21":"shipping-taxable","22":"purchasable","23":"product-type-variable"},"acf":[],"_links":{"self":[{"href":"https:\/\/gajos.sk\/eshop\/wp-json\/wp\/v2\/product\/335620","targetHints":{"allow":["GET"]}}],"collection":[{"href":"https:\/\/gajos.sk\/eshop\/wp-json\/wp\/v2\/product"}],"about":[{"href":"https:\/\/gajos.sk\/eshop\/wp-json\/wp\/v2\/types\/product"}],"wp:featuredmedia":[{"embeddable":true,"href":"https:\/\/gajos.sk\/eshop\/wp-json\/wp\/v2\/media\/335622"}],"wp:attachment":[{"href":"https:\/\/gajos.sk\/eshop\/wp-json\/wp\/v2\/media?parent=335620"}],"wp:term":[{"taxonomy":"product_brand","embeddable":true,"href":"https:\/\/gajos.sk\/eshop\/wp-json\/wp\/v2\/product_brand?post=335620"},{"taxonomy":"product_cat","embeddable":true,"href":"https:\/\/gajos.sk\/eshop\/wp-json\/wp\/v2\/product_cat?post=335620"},{"taxonomy":"product_tag","embeddable":true,"href":"https:\/\/gajos.sk\/eshop\/wp-json\/wp\/v2\/product_tag?post=335620"}],"curies":[{"name":"wp","href":"https:\/\/api.w.org\/{rel}","templated":true}]}}