{"id":335589,"date":"2024-03-01T19:43:07","date_gmt":"2024-03-01T18:43:07","guid":{"rendered":"https:\/\/gajostest.a2hosted.com\/eshop\/knoxfield-printed-softshell\/"},"modified":"2026-05-07T21:22:25","modified_gmt":"2026-05-07T19:22:25","slug":"knoxfield-printed-softshell","status":"publish","type":"product","link":"https:\/\/gajos.sk\/eshop\/p\/knoxfield-printed-softshell\/","title":{"rendered":"KNOXFIELD printed softshell"},"content":{"rendered":"","protected":false},"excerpt":{"rendered":"<p>\u2022 p\u00e1nska sofsthelov\u00e1 bunda s reflex\u00edvnou dekorat\u00edvnou  potla\u010dou na fluorescen\u010dnom podklade \u2022 zosilnen\u00e1  oblas\u0165 ramien a lak\u0165ov \u2022 1 n\u00e1prsn\u00e9 vrecko na zips \u2022 2 bo\u010dn\u00e9 vreck\u00e1 \u2022 2 uzatv\u00e1rate\u013en\u00e9  vn\u00fatorn\u00e9 vreck\u00e1\u2022 odop\u00ednate\u013en\u00e1 kapuc\u0148a s efektn\u00fdm uchyten\u00edm\u2022 reflexn\u00fd pr\u00fa\u017eok lemuj\u00faci sedlo a bo\u010dn\u00e9 vreck\u00e1 \u2022 nastavite\u013en\u00e1 \u0161\u00edrka spodn\u00e9ho obvodu a ruk\u00e1vov<\/p>\n","protected":false},"featured_media":335591,"template":"","meta":{"_acf_changed":false,"inline_featured_image":false},"product_brand":[],"product_cat":[2121,2122,2123],"product_tag":[1179],"class_list":{"0":"post-335589","1":"product","2":"type-product","3":"status-publish","4":"has-post-thumbnail","6":"product_cat-odevy","7":"product_cat-bundy-a-kabaty","8":"product_cat-bundy","9":"product_tag-cerva","10":"pa_farba-oranzova","11":"pa_farba-zlta","12":"pa_farba-cervena","13":"pa_velkost-xl","14":"pa_velkost-l","15":"pa_velkost-m","16":"pa_velkost-s","17":"pa_velkost-3xl","18":"pa_velkost-xxl","19":"pa_velkost-xs","21":"first","22":"instock","23":"taxable","24":"shipping-taxable","25":"purchasable","26":"product-type-variable"},"acf":[],"_links":{"self":[{"href":"https:\/\/gajos.sk\/eshop\/wp-json\/wp\/v2\/product\/335589","targetHints":{"allow":["GET"]}}],"collection":[{"href":"https:\/\/gajos.sk\/eshop\/wp-json\/wp\/v2\/product"}],"about":[{"href":"https:\/\/gajos.sk\/eshop\/wp-json\/wp\/v2\/types\/product"}],"wp:featuredmedia":[{"embeddable":true,"href":"https:\/\/gajos.sk\/eshop\/wp-json\/wp\/v2\/media\/335591"}],"wp:attachment":[{"href":"https:\/\/gajos.sk\/eshop\/wp-json\/wp\/v2\/media?parent=335589"}],"wp:term":[{"taxonomy":"product_brand","embeddable":true,"href":"https:\/\/gajos.sk\/eshop\/wp-json\/wp\/v2\/product_brand?post=335589"},{"taxonomy":"product_cat","embeddable":true,"href":"https:\/\/gajos.sk\/eshop\/wp-json\/wp\/v2\/product_cat?post=335589"},{"taxonomy":"product_tag","embeddable":true,"href":"https:\/\/gajos.sk\/eshop\/wp-json\/wp\/v2\/product_tag?post=335589"}],"curies":[{"name":"wp","href":"https:\/\/api.w.org\/{rel}","templated":true}]}}