{"id":335449,"date":"2024-03-01T19:41:33","date_gmt":"2024-03-01T18:41:33","guid":{"rendered":"https:\/\/gajostest.a2hosted.com\/eshop\/knoxfield-hv-winter-parka\/"},"modified":"2026-05-07T21:20:28","modified_gmt":"2026-05-07T19:20:28","slug":"knoxfield-hv-winter-parka","status":"publish","type":"product","link":"https:\/\/gajos.sk\/eshop\/p\/knoxfield-hv-winter-parka\/","title":{"rendered":"KNOXFIELD HV WINTER parka"},"content":{"rendered":"","protected":false},"excerpt":{"rendered":"<p>\u2022 p\u00e1nska zateplen\u00e1 zimn\u00e1 bunda v hi-vis preveden\u00ed s odn\u00edmate\u013enou kapuc\u0148ou \u2022 pred\u013a\u017een\u00fd zadn\u00fd diel \u2022 zosilnen\u00e1 \u010das\u0165 v oblasti ramien \u2022 n\u00e1prsn\u00e9 vrecko na zips v kontrastnej farbe \u2022 2 bo\u010dn\u00e9 li\u0161tov\u00e9 vreck\u00e1 \u2022 2 uzatv\u00e1rate\u013en\u00e9 vn\u00fatorn\u00e9 vreck\u00e1 \u2022 mo\u017enos\u0165 vstupu pre v\u00fd\u0161ivku alebo potla\u010d \u2022 nastavite\u013en\u00e1 \u0161\u00edrka spodn\u00e9ho obvodu \u2022 reflexn\u00fd pr\u00fa\u017eok lemuj\u00faci sedlo a bo\u010dn\u00e9 vreck\u00e1 \u2022 dekorat\u00edvne pre\u0161itie<\/p>\n","protected":false},"featured_media":335451,"template":"","meta":{"_acf_changed":false,"inline_featured_image":false},"product_brand":[],"product_cat":[2167,2121,2122],"product_tag":[1179],"class_list":{"0":"post-335449","1":"product","2":"type-product","3":"status-publish","4":"has-post-thumbnail","6":"product_cat-kabaty","7":"product_cat-odevy","8":"product_cat-bundy-a-kabaty","9":"product_tag-cerva","10":"pa_farba-zlta-oranzova","11":"pa_farba-oranzova","12":"pa_farba-zlta","13":"pa_farba-cervena","14":"pa_velkost-xl","15":"pa_velkost-l","16":"pa_velkost-m","17":"pa_velkost-s","18":"pa_velkost-3xl","19":"pa_velkost-xxl","20":"pa_velkost-5xl","21":"pa_velkost-4xl","22":"pa_velkost-xs","24":"first","25":"instock","26":"taxable","27":"shipping-taxable","28":"purchasable","29":"product-type-variable"},"acf":[],"_links":{"self":[{"href":"https:\/\/gajos.sk\/eshop\/wp-json\/wp\/v2\/product\/335449","targetHints":{"allow":["GET"]}}],"collection":[{"href":"https:\/\/gajos.sk\/eshop\/wp-json\/wp\/v2\/product"}],"about":[{"href":"https:\/\/gajos.sk\/eshop\/wp-json\/wp\/v2\/types\/product"}],"wp:featuredmedia":[{"embeddable":true,"href":"https:\/\/gajos.sk\/eshop\/wp-json\/wp\/v2\/media\/335451"}],"wp:attachment":[{"href":"https:\/\/gajos.sk\/eshop\/wp-json\/wp\/v2\/media?parent=335449"}],"wp:term":[{"taxonomy":"product_brand","embeddable":true,"href":"https:\/\/gajos.sk\/eshop\/wp-json\/wp\/v2\/product_brand?post=335449"},{"taxonomy":"product_cat","embeddable":true,"href":"https:\/\/gajos.sk\/eshop\/wp-json\/wp\/v2\/product_cat?post=335449"},{"taxonomy":"product_tag","embeddable":true,"href":"https:\/\/gajos.sk\/eshop\/wp-json\/wp\/v2\/product_tag?post=335449"}],"curies":[{"name":"wp","href":"https:\/\/api.w.org\/{rel}","templated":true}]}}