{"id":335400,"date":"2024-03-01T19:41:19","date_gmt":"2024-03-01T18:41:19","guid":{"rendered":"https:\/\/gajostest.a2hosted.com\/eshop\/evolution-ladymax-evo-bunda\/"},"modified":"2026-05-07T21:20:28","modified_gmt":"2026-05-07T19:20:28","slug":"evolution-ladymax-evo-bunda","status":"publish","type":"product","link":"https:\/\/gajos.sk\/eshop\/p\/evolution-ladymax-evo-bunda\/","title":{"rendered":"EVOLUTION LADY(MAX EVO) bunda"},"content":{"rendered":"","protected":false},"excerpt":{"rendered":"<p>\u2022 d\u00e1mska pracovn\u00e1 bunda v modernom strihovom preveden\u00ed zd\u00f4raz\u0148uj\u00facom \u017eensk\u00fa siluetu \u2022 farebn\u00e1 kombin\u00e1cia zhodn\u00e1 s p\u00e1nskou kolekciou  MAX EVOLUTION \u2022 2 ve\u013ek\u00e9 bo\u010dn\u00e9 vreck\u00e1 \u2022 multifunk\u010dn\u00e9 n\u00e1prsn\u00e9 vrecko<\/p>\n","protected":false},"featured_media":335402,"template":"","meta":{"_acf_changed":false,"inline_featured_image":false},"product_brand":[],"product_cat":[2121,2122,2123],"product_tag":[1179],"class_list":{"0":"post-335400","1":"product","2":"type-product","3":"status-publish","4":"has-post-thumbnail","6":"product_cat-odevy","7":"product_cat-bundy-a-kabaty","8":"product_cat-bundy","9":"product_tag-cerva","10":"pa_farba-zelena-siva","11":"pa_farba-cervena-siva","12":"pa_velkost-3116","13":"pa_velkost-3118","14":"pa_velkost-3161","15":"pa_velkost-3110","16":"pa_velkost-3112","17":"pa_velkost-3114","19":"first","20":"instock","21":"taxable","22":"shipping-taxable","23":"purchasable","24":"product-type-variable"},"acf":[],"_links":{"self":[{"href":"https:\/\/gajos.sk\/eshop\/wp-json\/wp\/v2\/product\/335400","targetHints":{"allow":["GET"]}}],"collection":[{"href":"https:\/\/gajos.sk\/eshop\/wp-json\/wp\/v2\/product"}],"about":[{"href":"https:\/\/gajos.sk\/eshop\/wp-json\/wp\/v2\/types\/product"}],"wp:featuredmedia":[{"embeddable":true,"href":"https:\/\/gajos.sk\/eshop\/wp-json\/wp\/v2\/media\/335402"}],"wp:attachment":[{"href":"https:\/\/gajos.sk\/eshop\/wp-json\/wp\/v2\/media?parent=335400"}],"wp:term":[{"taxonomy":"product_brand","embeddable":true,"href":"https:\/\/gajos.sk\/eshop\/wp-json\/wp\/v2\/product_brand?post=335400"},{"taxonomy":"product_cat","embeddable":true,"href":"https:\/\/gajos.sk\/eshop\/wp-json\/wp\/v2\/product_cat?post=335400"},{"taxonomy":"product_tag","embeddable":true,"href":"https:\/\/gajos.sk\/eshop\/wp-json\/wp\/v2\/product_tag?post=335400"}],"curies":[{"name":"wp","href":"https:\/\/api.w.org\/{rel}","templated":true}]}}