{"id":335368,"date":"2024-03-01T19:41:03","date_gmt":"2024-03-01T18:41:03","guid":{"rendered":"https:\/\/gajostest.a2hosted.com\/eshop\/max-winter-rflx-bunda\/"},"modified":"2026-05-07T21:20:28","modified_gmt":"2026-05-07T19:20:28","slug":"max-winter-rflx-bunda","status":"publish","type":"product","link":"https:\/\/gajos.sk\/eshop\/p\/max-winter-rflx-bunda\/","title":{"rendered":"MAX WINTER RFLX bunda"},"content":{"rendered":"","protected":false},"excerpt":{"rendered":"<p>\u2022  inovovan\u00e1 verzia ob\u013e\u00fabenej  zimnej bundy MAX doplnen\u00e1 o reflexn\u00e9 pruhy po obvode tela a na ruk\u00e1voch<\/p>\n","protected":false},"featured_media":335370,"template":"","meta":{"_acf_changed":false,"inline_featured_image":false},"product_brand":[],"product_cat":[2121,2122,2123],"product_tag":[1179],"class_list":{"0":"post-335368","1":"product","2":"type-product","3":"status-publish","4":"has-post-thumbnail","6":"product_cat-odevy","7":"product_cat-bundy-a-kabaty","8":"product_cat-bundy","9":"product_tag-cerva","10":"pa_farba-modra-cierna","11":"pa_farba-cerna-cervena","12":"pa_farba-zelena-cierna","13":"pa_velkost-3160","14":"pa_velkost-3161","15":"pa_velkost-3162","16":"pa_velkost-3110","17":"pa_velkost-3121","18":"pa_velkost-3123","19":"pa_velkost-3155","20":"pa_velkost-3157","21":"pa_velkost-3158","22":"pa_velkost-3159","24":"first","25":"instock","26":"taxable","27":"shipping-taxable","28":"purchasable","29":"product-type-variable"},"acf":[],"_links":{"self":[{"href":"https:\/\/gajos.sk\/eshop\/wp-json\/wp\/v2\/product\/335368","targetHints":{"allow":["GET"]}}],"collection":[{"href":"https:\/\/gajos.sk\/eshop\/wp-json\/wp\/v2\/product"}],"about":[{"href":"https:\/\/gajos.sk\/eshop\/wp-json\/wp\/v2\/types\/product"}],"wp:featuredmedia":[{"embeddable":true,"href":"https:\/\/gajos.sk\/eshop\/wp-json\/wp\/v2\/media\/335370"}],"wp:attachment":[{"href":"https:\/\/gajos.sk\/eshop\/wp-json\/wp\/v2\/media?parent=335368"}],"wp:term":[{"taxonomy":"product_brand","embeddable":true,"href":"https:\/\/gajos.sk\/eshop\/wp-json\/wp\/v2\/product_brand?post=335368"},{"taxonomy":"product_cat","embeddable":true,"href":"https:\/\/gajos.sk\/eshop\/wp-json\/wp\/v2\/product_cat?post=335368"},{"taxonomy":"product_tag","embeddable":true,"href":"https:\/\/gajos.sk\/eshop\/wp-json\/wp\/v2\/product_tag?post=335368"}],"curies":[{"name":"wp","href":"https:\/\/api.w.org\/{rel}","templated":true}]}}