{"id":335259,"date":"2024-03-01T19:39:30","date_gmt":"2024-03-01T18:39:30","guid":{"rendered":"https:\/\/gajostest.a2hosted.com\/eshop\/crambe-softsh-bunda\/"},"modified":"2026-04-25T21:25:03","modified_gmt":"2026-04-25T19:25:03","slug":"crambe-softsh-bunda","status":"publish","type":"product","link":"https:\/\/gajos.sk\/eshop\/p\/crambe-softsh-bunda\/","title":{"rendered":"CRAMBE softsh.bunda"},"content":{"rendered":"","protected":false},"excerpt":{"rendered":"<p>P\u00e1nska softshellov\u00e1 bunda so stoja\u010dikom, zosilnen\u00e9 ramen\u00e1 OXFORD 600D, 2 bo\u010dn\u00e9 vreck\u00e1 na zips, 1 n\u00e1prsn\u00e9 vrecko, nastavite\u013en\u00e1 \u0161\u00edrka man\u017eety ruk\u00e1vov v\u010faka such\u00e9mu zipsu, vysok\u00e9 parametre 8000mm\/3000 mvp.<\/p>\n","protected":false},"featured_media":335261,"template":"","meta":{"_acf_changed":false,"inline_featured_image":false},"product_brand":[],"product_cat":[2121,2122,2123],"product_tag":[1244],"class_list":{"0":"post-335259","1":"product","2":"type-product","3":"status-publish","4":"has-post-thumbnail","6":"product_cat-odevy","7":"product_cat-bundy-a-kabaty","8":"product_cat-bundy","9":"product_tag-crv","10":"pa_farba-bezova-kamuflaz","11":"pa_farba-siva-kamuflaz","12":"pa_farba-camouflage","13":"pa_velkost-xl","14":"pa_velkost-l","15":"pa_velkost-m","16":"pa_velkost-s","17":"pa_velkost-3xl","18":"pa_velkost-xxl","20":"first","21":"instock","22":"taxable","23":"shipping-taxable","24":"purchasable","25":"product-type-variable"},"acf":[],"_links":{"self":[{"href":"https:\/\/gajos.sk\/eshop\/wp-json\/wp\/v2\/product\/335259","targetHints":{"allow":["GET"]}}],"collection":[{"href":"https:\/\/gajos.sk\/eshop\/wp-json\/wp\/v2\/product"}],"about":[{"href":"https:\/\/gajos.sk\/eshop\/wp-json\/wp\/v2\/types\/product"}],"wp:featuredmedia":[{"embeddable":true,"href":"https:\/\/gajos.sk\/eshop\/wp-json\/wp\/v2\/media\/335261"}],"wp:attachment":[{"href":"https:\/\/gajos.sk\/eshop\/wp-json\/wp\/v2\/media?parent=335259"}],"wp:term":[{"taxonomy":"product_brand","embeddable":true,"href":"https:\/\/gajos.sk\/eshop\/wp-json\/wp\/v2\/product_brand?post=335259"},{"taxonomy":"product_cat","embeddable":true,"href":"https:\/\/gajos.sk\/eshop\/wp-json\/wp\/v2\/product_cat?post=335259"},{"taxonomy":"product_tag","embeddable":true,"href":"https:\/\/gajos.sk\/eshop\/wp-json\/wp\/v2\/product_tag?post=335259"}],"curies":[{"name":"wp","href":"https:\/\/api.w.org\/{rel}","templated":true}]}}