{"id":335117,"date":"2024-03-01T19:37:53","date_gmt":"2024-03-01T18:37:53","guid":{"rendered":"https:\/\/gajostest.a2hosted.com\/eshop\/max-summer-bunda\/"},"modified":"2026-05-07T21:20:28","modified_gmt":"2026-05-07T19:20:28","slug":"max-summer-bunda","status":"publish","type":"product","link":"https:\/\/gajos.sk\/eshop\/p\/max-summer-bunda\/","title":{"rendered":"MAX SUMMER bunda"},"content":{"rendered":"","protected":false},"excerpt":{"rendered":"<p>\u2022 nov\u00fd variant ob\u013e\u00fabenej mont\u00e9rkovej bundy MAX z od\u013eah\u010den\u00e9ho  bavlnen\u00e9ho materi\u00e1lu, ktor\u00fd zaist\u00ed komfort pri pr\u00e1ci v interi\u00e9roch a teplom po\u010das\u00ed<\/p>\n","protected":false},"featured_media":335119,"template":"","meta":{"_acf_changed":false,"inline_featured_image":false},"product_brand":[],"product_cat":[2121,2122,2123],"product_tag":[1179],"class_list":{"0":"post-335117","1":"product","2":"type-product","3":"status-publish","4":"has-post-thumbnail","6":"product_cat-odevy","7":"product_cat-bundy-a-kabaty","8":"product_cat-bundy","9":"product_tag-cerva","10":"pa_farba-biela-siva","11":"pa_farba-modra-cierna","12":"pa_farba-zelena-cierna","13":"pa_farba-petrolejova-cierna","14":"pa_farba-navy-antracit","15":"pa_farba-pieskova","16":"pa_farba-antracit-cierna","17":"pa_velkost-3155","18":"pa_velkost-3157","19":"pa_velkost-3158","20":"pa_velkost-3159","21":"pa_velkost-3160","22":"pa_velkost-3161","23":"pa_velkost-3110","24":"pa_velkost-3162","25":"pa_velkost-3112","26":"pa_velkost-3121","27":"pa_velkost-3123","29":"first","30":"instock","31":"taxable","32":"shipping-taxable","33":"purchasable","34":"product-type-variable"},"acf":[],"_links":{"self":[{"href":"https:\/\/gajos.sk\/eshop\/wp-json\/wp\/v2\/product\/335117","targetHints":{"allow":["GET"]}}],"collection":[{"href":"https:\/\/gajos.sk\/eshop\/wp-json\/wp\/v2\/product"}],"about":[{"href":"https:\/\/gajos.sk\/eshop\/wp-json\/wp\/v2\/types\/product"}],"wp:featuredmedia":[{"embeddable":true,"href":"https:\/\/gajos.sk\/eshop\/wp-json\/wp\/v2\/media\/335119"}],"wp:attachment":[{"href":"https:\/\/gajos.sk\/eshop\/wp-json\/wp\/v2\/media?parent=335117"}],"wp:term":[{"taxonomy":"product_brand","embeddable":true,"href":"https:\/\/gajos.sk\/eshop\/wp-json\/wp\/v2\/product_brand?post=335117"},{"taxonomy":"product_cat","embeddable":true,"href":"https:\/\/gajos.sk\/eshop\/wp-json\/wp\/v2\/product_cat?post=335117"},{"taxonomy":"product_tag","embeddable":true,"href":"https:\/\/gajos.sk\/eshop\/wp-json\/wp\/v2\/product_tag?post=335117"}],"curies":[{"name":"wp","href":"https:\/\/api.w.org\/{rel}","templated":true}]}}