{"id":335110,"date":"2024-03-01T19:37:48","date_gmt":"2024-03-01T18:37:48","guid":{"rendered":"https:\/\/gajostest.a2hosted.com\/eshop\/latton-trila-pilotka-hv\/"},"modified":"2026-05-07T21:20:28","modified_gmt":"2026-05-07T19:20:28","slug":"latton-trila-pilotka-hv","status":"publish","type":"product","link":"https:\/\/gajos.sk\/eshop\/p\/latton-trila-pilotka-hv\/","title":{"rendered":"LATTON TRILA pilotka HV"},"content":{"rendered":"","protected":false},"excerpt":{"rendered":"<p>P\u00e1nska zateplen\u00e1 hi-vis bunda pilot strihu, atrakt\u00edvne 2-farebn\u00e9 prevedenie, integrovan\u00e1 kapuc\u0148a v golieri, 2 bo\u010dn\u00e9 vreck\u00e1 na zips, vn\u00fatorn\u00e9 vrecko na mobil, nastavite\u013en\u00e1 \u0161\u00edrka ruk\u00e1vov v\u010faka velcro, modern\u00e1 technol\u00f3gia materi\u00e1lov s TPU membr\u00e1nou.<\/p>\n","protected":false},"featured_media":335112,"template":"","meta":{"_acf_changed":false,"inline_featured_image":false},"product_brand":[],"product_cat":[2164,2121,2122],"product_tag":[1179],"class_list":{"0":"post-335110","1":"product","2":"type-product","3":"status-publish","4":"has-post-thumbnail","6":"product_cat-pilot-bundy","7":"product_cat-odevy","8":"product_cat-bundy-a-kabaty","9":"product_tag-cerva","10":"pa_farba-zlta-oranzova","11":"pa_velkost-l","12":"pa_velkost-m","13":"pa_velkost-s","14":"pa_velkost-xxl","15":"pa_velkost-xl","17":"first","18":"instock","19":"taxable","20":"shipping-taxable","21":"purchasable","22":"product-type-variable"},"acf":[],"_links":{"self":[{"href":"https:\/\/gajos.sk\/eshop\/wp-json\/wp\/v2\/product\/335110","targetHints":{"allow":["GET"]}}],"collection":[{"href":"https:\/\/gajos.sk\/eshop\/wp-json\/wp\/v2\/product"}],"about":[{"href":"https:\/\/gajos.sk\/eshop\/wp-json\/wp\/v2\/types\/product"}],"wp:featuredmedia":[{"embeddable":true,"href":"https:\/\/gajos.sk\/eshop\/wp-json\/wp\/v2\/media\/335112"}],"wp:attachment":[{"href":"https:\/\/gajos.sk\/eshop\/wp-json\/wp\/v2\/media?parent=335110"}],"wp:term":[{"taxonomy":"product_brand","embeddable":true,"href":"https:\/\/gajos.sk\/eshop\/wp-json\/wp\/v2\/product_brand?post=335110"},{"taxonomy":"product_cat","embeddable":true,"href":"https:\/\/gajos.sk\/eshop\/wp-json\/wp\/v2\/product_cat?post=335110"},{"taxonomy":"product_tag","embeddable":true,"href":"https:\/\/gajos.sk\/eshop\/wp-json\/wp\/v2\/product_tag?post=335110"}],"curies":[{"name":"wp","href":"https:\/\/api.w.org\/{rel}","templated":true}]}}