{"id":335099,"date":"2024-03-01T19:37:44","date_gmt":"2024-03-01T18:37:44","guid":{"rendered":"https:\/\/gajostest.a2hosted.com\/eshop\/sioen-tobado-bunda-fleece\/"},"modified":"2026-05-07T21:20:28","modified_gmt":"2026-05-07T19:20:28","slug":"sioen-tobado-bunda-fleece","status":"publish","type":"product","link":"https:\/\/gajos.sk\/eshop\/p\/sioen-tobado-bunda-fleece\/","title":{"rendered":"SIOEN TOBADO bunda fleece"},"content":{"rendered":"","protected":false},"excerpt":{"rendered":"<p>Nehor\u013eav\u00e1 antistatick\u00e1 fleecov\u00e1 bunda s\u00a0elastick\u00fdmi ruk\u00e1vmi. Bundu je mo\u017en\u00e9 nosi\u0165 samostatne alebo ju pou\u017ei\u0165 ako pr\u00eddavn\u00fa fleecov\u00fa vlo\u017eku k\u00a0bund\u00e1m TORVIK, WINSELER, DUFFEL.<\/p>\n","protected":false},"featured_media":335101,"template":"","meta":{"_acf_changed":false,"inline_featured_image":false},"product_brand":[],"product_cat":[2121,2122,2123],"product_tag":[1238],"class_list":{"0":"post-335099","1":"product","2":"type-product","3":"status-publish","4":"has-post-thumbnail","6":"product_cat-odevy","7":"product_cat-bundy-a-kabaty","8":"product_cat-bundy","9":"product_tag-sioen","10":"pa_farba-navy","11":"pa_velkost-3xl","12":"pa_velkost-xxl","13":"pa_velkost-xl","14":"pa_velkost-l","15":"pa_velkost-m","16":"pa_velkost-s","18":"first","19":"instock","20":"taxable","21":"shipping-taxable","22":"purchasable","23":"product-type-variable"},"acf":[],"_links":{"self":[{"href":"https:\/\/gajos.sk\/eshop\/wp-json\/wp\/v2\/product\/335099","targetHints":{"allow":["GET"]}}],"collection":[{"href":"https:\/\/gajos.sk\/eshop\/wp-json\/wp\/v2\/product"}],"about":[{"href":"https:\/\/gajos.sk\/eshop\/wp-json\/wp\/v2\/types\/product"}],"wp:featuredmedia":[{"embeddable":true,"href":"https:\/\/gajos.sk\/eshop\/wp-json\/wp\/v2\/media\/335101"}],"wp:attachment":[{"href":"https:\/\/gajos.sk\/eshop\/wp-json\/wp\/v2\/media?parent=335099"}],"wp:term":[{"taxonomy":"product_brand","embeddable":true,"href":"https:\/\/gajos.sk\/eshop\/wp-json\/wp\/v2\/product_brand?post=335099"},{"taxonomy":"product_cat","embeddable":true,"href":"https:\/\/gajos.sk\/eshop\/wp-json\/wp\/v2\/product_cat?post=335099"},{"taxonomy":"product_tag","embeddable":true,"href":"https:\/\/gajos.sk\/eshop\/wp-json\/wp\/v2\/product_tag?post=335099"}],"curies":[{"name":"wp","href":"https:\/\/api.w.org\/{rel}","templated":true}]}}