{"id":335090,"date":"2024-03-01T19:37:41","date_gmt":"2024-03-01T18:37:41","guid":{"rendered":"https:\/\/gajostest.a2hosted.com\/eshop\/sioen-cumbria-bunda\/"},"modified":"2026-04-15T21:26:56","modified_gmt":"2026-04-15T19:26:56","slug":"sioen-cumbria-bunda","status":"publish","type":"product","link":"https:\/\/gajos.sk\/eshop\/p\/sioen-cumbria-bunda\/","title":{"rendered":"SIOEN CUMBRIA  bunda"},"content":{"rendered":"","protected":false},"excerpt":{"rendered":"<p>\u0160t\u00fdlov\u00e1 nepremokav\u00e1 bunda,  vyroben\u00e1 z ve\u013emi odoln\u00e9ho materi\u00e1lu. 2x prekryt\u00e9 zipsy a zataven\u00e9 \u0161vy, odop\u00ednate\u013en\u00e1 kapuc\u0148a. Bundu Cumbria je mo\u017en\u00e9 kombinova\u0165 s fleecov\u00fdmi a softshellov\u00fdmi bundami zo SIOEN SEPP kolekcie. Materi\u00e1l: SIOPOR\u00ae Extra: 100% polyester (cotton touch) s 100% PU n\u00e1terom; \u00b1 205 g\/m\u00b2. Ve\u013ekosti: XS &#8211; 3XL<\/p>\n","protected":false},"featured_media":335092,"template":"","meta":{"_acf_changed":false,"inline_featured_image":false},"product_brand":[],"product_cat":[2121,2122,2123],"product_tag":[1238],"class_list":{"0":"post-335090","1":"product","2":"type-product","3":"status-publish","4":"has-post-thumbnail","6":"product_cat-odevy","7":"product_cat-bundy-a-kabaty","8":"product_cat-bundy","9":"product_tag-sioen","10":"pa_farba-cierna","11":"pa_velkost-m","12":"pa_velkost-s","13":"pa_velkost-3xl","14":"pa_velkost-xxl","15":"pa_velkost-xs","16":"pa_velkost-xl","17":"pa_velkost-l","19":"first","20":"instock","21":"taxable","22":"shipping-taxable","23":"product-type-variable"},"acf":[],"_links":{"self":[{"href":"https:\/\/gajos.sk\/eshop\/wp-json\/wp\/v2\/product\/335090","targetHints":{"allow":["GET"]}}],"collection":[{"href":"https:\/\/gajos.sk\/eshop\/wp-json\/wp\/v2\/product"}],"about":[{"href":"https:\/\/gajos.sk\/eshop\/wp-json\/wp\/v2\/types\/product"}],"wp:featuredmedia":[{"embeddable":true,"href":"https:\/\/gajos.sk\/eshop\/wp-json\/wp\/v2\/media\/335092"}],"wp:attachment":[{"href":"https:\/\/gajos.sk\/eshop\/wp-json\/wp\/v2\/media?parent=335090"}],"wp:term":[{"taxonomy":"product_brand","embeddable":true,"href":"https:\/\/gajos.sk\/eshop\/wp-json\/wp\/v2\/product_brand?post=335090"},{"taxonomy":"product_cat","embeddable":true,"href":"https:\/\/gajos.sk\/eshop\/wp-json\/wp\/v2\/product_cat?post=335090"},{"taxonomy":"product_tag","embeddable":true,"href":"https:\/\/gajos.sk\/eshop\/wp-json\/wp\/v2\/product_tag?post=335090"}],"curies":[{"name":"wp","href":"https:\/\/api.w.org\/{rel}","templated":true}]}}