{"id":335051,"date":"2024-03-01T19:37:27","date_gmt":"2024-03-01T18:37:27","guid":{"rendered":"https:\/\/gajostest.a2hosted.com\/eshop\/sioen-malden-bunda\/"},"modified":"2026-05-07T21:20:28","modified_gmt":"2026-05-07T19:20:28","slug":"sioen-malden-bunda","status":"publish","type":"product","link":"https:\/\/gajos.sk\/eshop\/p\/sioen-malden-bunda\/","title":{"rendered":"SIOEN MALDEN bunda"},"content":{"rendered":"","protected":false},"excerpt":{"rendered":"<p>\u2022 Hi-vis soft shellov\u00e1 bunda (dvojvrstvov\u00e1) \u2022 \u013eahk\u00fd soft shell \/ ochrana proti chladu a vetru \/ kompatibiln\u00e1 s bundou WINDSOR \/ \u0161it\u00e9 \u0161vy \u2022 dlh\u00fd jazdec na zipse pre pohodlnej\u0161ie zap\u00ednanie \/ rozop\u00ednanie \u2022 odop\u00ednate\u013en\u00e9 ruk\u00e1vy<\/p>\n","protected":false},"featured_media":335053,"template":"","meta":{"_acf_changed":false,"inline_featured_image":false},"product_brand":[],"product_cat":[2121,2122,2123],"product_tag":[1238],"class_list":{"0":"post-335051","1":"product","2":"type-product","3":"status-publish","4":"has-post-thumbnail","6":"product_cat-odevy","7":"product_cat-bundy-a-kabaty","8":"product_cat-bundy","9":"product_tag-sioen","10":"pa_farba-zlta-navy","11":"pa_velkost-xl","12":"pa_velkost-l","13":"pa_velkost-m","14":"pa_velkost-s","15":"pa_velkost-3xl","16":"pa_velkost-xxl","17":"pa_velkost-xs","19":"first","20":"instock","21":"taxable","22":"shipping-taxable","23":"purchasable","24":"product-type-variable"},"acf":[],"_links":{"self":[{"href":"https:\/\/gajos.sk\/eshop\/wp-json\/wp\/v2\/product\/335051","targetHints":{"allow":["GET"]}}],"collection":[{"href":"https:\/\/gajos.sk\/eshop\/wp-json\/wp\/v2\/product"}],"about":[{"href":"https:\/\/gajos.sk\/eshop\/wp-json\/wp\/v2\/types\/product"}],"wp:featuredmedia":[{"embeddable":true,"href":"https:\/\/gajos.sk\/eshop\/wp-json\/wp\/v2\/media\/335053"}],"wp:attachment":[{"href":"https:\/\/gajos.sk\/eshop\/wp-json\/wp\/v2\/media?parent=335051"}],"wp:term":[{"taxonomy":"product_brand","embeddable":true,"href":"https:\/\/gajos.sk\/eshop\/wp-json\/wp\/v2\/product_brand?post=335051"},{"taxonomy":"product_cat","embeddable":true,"href":"https:\/\/gajos.sk\/eshop\/wp-json\/wp\/v2\/product_cat?post=335051"},{"taxonomy":"product_tag","embeddable":true,"href":"https:\/\/gajos.sk\/eshop\/wp-json\/wp\/v2\/product_tag?post=335051"}],"curies":[{"name":"wp","href":"https:\/\/api.w.org\/{rel}","templated":true}]}}