{"id":335020,"date":"2024-03-01T19:37:13","date_gmt":"2024-03-01T18:37:13","guid":{"rendered":"https:\/\/gajostest.a2hosted.com\/eshop\/malton-softshell-bunda-hv\/"},"modified":"2026-04-25T21:25:03","modified_gmt":"2026-04-25T19:25:03","slug":"malton-softshell-bunda-hv","status":"publish","type":"product","link":"https:\/\/gajos.sk\/eshop\/p\/malton-softshell-bunda-hv\/","title":{"rendered":"MALTON softshell. bunda HV"},"content":{"rendered":"","protected":false},"excerpt":{"rendered":"<p>\u2022 hi-vis soft shellov\u00e1 bunda s dvoma bo\u010dn\u00fdmi vreckami \u2022 n\u00e1prsn\u00e9 vrecko na zips \u2022 s\u0165ahovanie v spodnej \u010dasti<\/p>\n","protected":false},"featured_media":335022,"template":"","meta":{"_acf_changed":false,"inline_featured_image":false},"product_brand":[],"product_cat":[2121,2122,2123],"product_tag":[1179],"class_list":{"0":"post-335020","1":"product","2":"type-product","3":"status-publish","4":"has-post-thumbnail","6":"product_cat-odevy","7":"product_cat-bundy-a-kabaty","8":"product_cat-bundy","9":"product_tag-cerva","10":"pa_farba-hv-oranzova","11":"pa_farba-hv-zlta","12":"pa_velkost-xl","13":"pa_velkost-l","14":"pa_velkost-m","15":"pa_velkost-s","16":"pa_velkost-3xl","17":"pa_velkost-xxl","19":"first","20":"instock","21":"taxable","22":"shipping-taxable","23":"purchasable","24":"product-type-variable"},"acf":[],"_links":{"self":[{"href":"https:\/\/gajos.sk\/eshop\/wp-json\/wp\/v2\/product\/335020","targetHints":{"allow":["GET"]}}],"collection":[{"href":"https:\/\/gajos.sk\/eshop\/wp-json\/wp\/v2\/product"}],"about":[{"href":"https:\/\/gajos.sk\/eshop\/wp-json\/wp\/v2\/types\/product"}],"wp:featuredmedia":[{"embeddable":true,"href":"https:\/\/gajos.sk\/eshop\/wp-json\/wp\/v2\/media\/335022"}],"wp:attachment":[{"href":"https:\/\/gajos.sk\/eshop\/wp-json\/wp\/v2\/media?parent=335020"}],"wp:term":[{"taxonomy":"product_brand","embeddable":true,"href":"https:\/\/gajos.sk\/eshop\/wp-json\/wp\/v2\/product_brand?post=335020"},{"taxonomy":"product_cat","embeddable":true,"href":"https:\/\/gajos.sk\/eshop\/wp-json\/wp\/v2\/product_cat?post=335020"},{"taxonomy":"product_tag","embeddable":true,"href":"https:\/\/gajos.sk\/eshop\/wp-json\/wp\/v2\/product_tag?post=335020"}],"curies":[{"name":"wp","href":"https:\/\/api.w.org\/{rel}","templated":true}]}}