{"id":334974,"date":"2024-03-01T19:36:02","date_gmt":"2024-03-01T18:36:02","guid":{"rendered":"https:\/\/gajostest.a2hosted.com\/eshop\/epping-bunda-hv\/"},"modified":"2026-04-25T21:25:03","modified_gmt":"2026-04-25T19:25:03","slug":"epping-bunda-hv","status":"publish","type":"product","link":"https:\/\/gajos.sk\/eshop\/p\/epping-bunda-hv\/","title":{"rendered":"EPPING bunda HV"},"content":{"rendered":"","protected":false},"excerpt":{"rendered":"<p>Hi-Vis bunda bez pod\u0161\u00edvky podlepen\u00e9 \u0161vy vodeodolnos\u0165 tr. 3 pod\u013ea normy EN 343 a\u00a0paropriepustnos\u0165 tr. 1 pod\u013ea normy EN 343 reflexn\u00e9 pruhy 3M kapuc\u0148a v\u00a0golieri spodn\u00fd lem bundy s\u0165ahovate\u013en\u00fd \u0161n\u00farkou<\/p>\n","protected":false},"featured_media":334976,"template":"","meta":{"_acf_changed":false,"inline_featured_image":false},"product_brand":[],"product_cat":[2121,2122,2123],"product_tag":[1179],"class_list":{"0":"post-334974","1":"product","2":"type-product","3":"status-publish","4":"has-post-thumbnail","6":"product_cat-odevy","7":"product_cat-bundy-a-kabaty","8":"product_cat-bundy","9":"product_tag-cerva","10":"pa_farba-oranzova-navy","11":"pa_farba-zlta-navy","12":"pa_velkost-xl","13":"pa_velkost-l","14":"pa_velkost-m","15":"pa_velkost-s","16":"pa_velkost-3xl","17":"pa_velkost-xxl","19":"first","20":"instock","21":"taxable","22":"shipping-taxable","23":"purchasable","24":"product-type-variable"},"acf":[],"_links":{"self":[{"href":"https:\/\/gajos.sk\/eshop\/wp-json\/wp\/v2\/product\/334974","targetHints":{"allow":["GET"]}}],"collection":[{"href":"https:\/\/gajos.sk\/eshop\/wp-json\/wp\/v2\/product"}],"about":[{"href":"https:\/\/gajos.sk\/eshop\/wp-json\/wp\/v2\/types\/product"}],"wp:featuredmedia":[{"embeddable":true,"href":"https:\/\/gajos.sk\/eshop\/wp-json\/wp\/v2\/media\/334976"}],"wp:attachment":[{"href":"https:\/\/gajos.sk\/eshop\/wp-json\/wp\/v2\/media?parent=334974"}],"wp:term":[{"taxonomy":"product_brand","embeddable":true,"href":"https:\/\/gajos.sk\/eshop\/wp-json\/wp\/v2\/product_brand?post=334974"},{"taxonomy":"product_cat","embeddable":true,"href":"https:\/\/gajos.sk\/eshop\/wp-json\/wp\/v2\/product_cat?post=334974"},{"taxonomy":"product_tag","embeddable":true,"href":"https:\/\/gajos.sk\/eshop\/wp-json\/wp\/v2\/product_tag?post=334974"}],"curies":[{"name":"wp","href":"https:\/\/api.w.org\/{rel}","templated":true}]}}