{"id":334951,"date":"2024-03-01T19:35:53","date_gmt":"2024-03-01T18:35:53","guid":{"rendered":"https:\/\/gajostest.a2hosted.com\/eshop\/yowie-bunda-fleece-damska\/"},"modified":"2026-04-25T21:25:03","modified_gmt":"2026-04-25T19:25:03","slug":"yowie-bunda-fleece-damska","status":"publish","type":"product","link":"https:\/\/gajos.sk\/eshop\/p\/yowie-bunda-fleece-damska\/","title":{"rendered":"YOWIE bunda fleece d\u00e1mska"},"content":{"rendered":"","protected":false},"excerpt":{"rendered":"<p>\u2022 d\u00e1mska mikina z mikrofleecu s reli\u00e9fovou potla\u010dou perfektne lad\u00ed ku kolekcii pracovn\u00fdch odevov Yowie \u2022 \u013eahk\u00e1 a pr\u00edjemn\u00e1 na dotyk<\/p>\n","protected":false},"featured_media":334953,"template":"","meta":{"_acf_changed":false,"inline_featured_image":false},"product_brand":[],"product_cat":[2121,2122,2123],"product_tag":[1244],"class_list":{"0":"post-334951","1":"product","2":"type-product","3":"status-publish","4":"has-post-thumbnail","6":"product_cat-odevy","7":"product_cat-bundy-a-kabaty","8":"product_cat-bundy","9":"product_tag-crv","10":"pa_farba-zelena","11":"pa_farba-navy","12":"pa_farba-modra","13":"pa_velkost-xl","14":"pa_velkost-l","15":"pa_velkost-m","16":"pa_velkost-s","17":"pa_velkost-xxl","18":"pa_velkost-xs","20":"first","21":"instock","22":"taxable","23":"shipping-taxable","24":"purchasable","25":"product-type-variable"},"acf":[],"_links":{"self":[{"href":"https:\/\/gajos.sk\/eshop\/wp-json\/wp\/v2\/product\/334951","targetHints":{"allow":["GET"]}}],"collection":[{"href":"https:\/\/gajos.sk\/eshop\/wp-json\/wp\/v2\/product"}],"about":[{"href":"https:\/\/gajos.sk\/eshop\/wp-json\/wp\/v2\/types\/product"}],"wp:featuredmedia":[{"embeddable":true,"href":"https:\/\/gajos.sk\/eshop\/wp-json\/wp\/v2\/media\/334953"}],"wp:attachment":[{"href":"https:\/\/gajos.sk\/eshop\/wp-json\/wp\/v2\/media?parent=334951"}],"wp:term":[{"taxonomy":"product_brand","embeddable":true,"href":"https:\/\/gajos.sk\/eshop\/wp-json\/wp\/v2\/product_brand?post=334951"},{"taxonomy":"product_cat","embeddable":true,"href":"https:\/\/gajos.sk\/eshop\/wp-json\/wp\/v2\/product_cat?post=334951"},{"taxonomy":"product_tag","embeddable":true,"href":"https:\/\/gajos.sk\/eshop\/wp-json\/wp\/v2\/product_tag?post=334951"}],"curies":[{"name":"wp","href":"https:\/\/api.w.org\/{rel}","templated":true}]}}