{"id":334941,"date":"2024-03-01T19:35:50","date_gmt":"2024-03-01T18:35:50","guid":{"rendered":"https:\/\/gajostest.a2hosted.com\/eshop\/emerton-flannel-bunda\/"},"modified":"2026-04-25T21:25:03","modified_gmt":"2026-04-25T19:25:03","slug":"emerton-flannel-bunda","status":"publish","type":"product","link":"https:\/\/gajos.sk\/eshop\/p\/emerton-flannel-bunda\/","title":{"rendered":"EMERTON FLANNEL bunda"},"content":{"rendered":"","protected":false},"excerpt":{"rendered":"<p>\u2022 zateplen\u00e1 verzia \u0161tandardn\u00fdch mont\u00e9rok EMERTON \u2022 vn\u00fatorn\u00e1 vrstva bavlnen\u00fd flanel \u2022 tepeln\u00fd komfort pri pr\u00e1ci i pri ni\u017e\u0161\u00edch vonkaj\u0161\u00edch teplot\u00e1ch \u2022 mont\u00e9rkov\u00e1 bunda pohodln\u00e9ho strihu a s vysokou odolnos\u0165ou \u2022 nam\u00e1han\u00e9 miesta vystu\u017een\u00e9 materi\u00e1lom polyester 600D \u2022 odvetr\u00e1vanie pod pazuchami \u2022 zosilnen\u00e9 zdvojen\u00e9 lakte \u2022 ruk\u00e1vy zakon\u010den\u00e9 elastickou man\u017eetou<\/p>\n","protected":false},"featured_media":334943,"template":"","meta":{"_acf_changed":false,"inline_featured_image":false},"product_brand":[],"product_cat":[2121,2122,2123],"product_tag":[1343],"class_list":{"0":"post-334941","1":"product","2":"type-product","3":"status-publish","4":"has-post-thumbnail","6":"product_cat-odevy","7":"product_cat-bundy-a-kabaty","8":"product_cat-bundy","9":"product_tag-australian-line","10":"pa_farba-cierna","11":"pa_velkost-3157","12":"pa_velkost-3158","13":"pa_velkost-3159","14":"pa_velkost-3160","15":"pa_velkost-3161","16":"pa_velkost-3121","17":"pa_velkost-3123","18":"pa_velkost-3155","20":"first","21":"instock","22":"taxable","23":"shipping-taxable","24":"purchasable","25":"product-type-variable"},"acf":[],"_links":{"self":[{"href":"https:\/\/gajos.sk\/eshop\/wp-json\/wp\/v2\/product\/334941","targetHints":{"allow":["GET"]}}],"collection":[{"href":"https:\/\/gajos.sk\/eshop\/wp-json\/wp\/v2\/product"}],"about":[{"href":"https:\/\/gajos.sk\/eshop\/wp-json\/wp\/v2\/types\/product"}],"wp:featuredmedia":[{"embeddable":true,"href":"https:\/\/gajos.sk\/eshop\/wp-json\/wp\/v2\/media\/334943"}],"wp:attachment":[{"href":"https:\/\/gajos.sk\/eshop\/wp-json\/wp\/v2\/media?parent=334941"}],"wp:term":[{"taxonomy":"product_brand","embeddable":true,"href":"https:\/\/gajos.sk\/eshop\/wp-json\/wp\/v2\/product_brand?post=334941"},{"taxonomy":"product_cat","embeddable":true,"href":"https:\/\/gajos.sk\/eshop\/wp-json\/wp\/v2\/product_cat?post=334941"},{"taxonomy":"product_tag","embeddable":true,"href":"https:\/\/gajos.sk\/eshop\/wp-json\/wp\/v2\/product_tag?post=334941"}],"curies":[{"name":"wp","href":"https:\/\/api.w.org\/{rel}","templated":true}]}}