{"id":334819,"date":"2024-03-01T19:35:16","date_gmt":"2024-03-01T18:35:16","guid":{"rendered":"https:\/\/gajostest.a2hosted.com\/eshop\/sioen-merida-bunda-fleece\/"},"modified":"2026-04-25T21:25:02","modified_gmt":"2026-04-25T19:25:02","slug":"sioen-merida-bunda-fleece","status":"publish","type":"product","link":"https:\/\/gajos.sk\/eshop\/p\/sioen-merida-bunda-fleece\/","title":{"rendered":"SIOEN MERIDA bunda fleece"},"content":{"rendered":"","protected":false},"excerpt":{"rendered":"<p>Vysoko priedu\u0161n\u00e1 obojstrann\u00e1 fleecov\u00e1 bunda s antip\u00edlingovou \u00fapravou. N\u00e1prsn\u00e9 vrecko a dve bo\u010dn\u00e9 vreck\u00e1 so zap\u00ednan\u00edm na zips. Elastick\u00e9 man\u017eety na ruk\u00e1voch a elastick\u00e9 s\u0165ahovanie v spodnom okraji bundy. D\u013a\u017eka chrbta 75 cm (pri ve\u013ekosti L). Kompatibiln\u00e1 s bundou TORNHILL.<\/p>\n","protected":false},"featured_media":334821,"template":"","meta":{"_acf_changed":false,"inline_featured_image":false},"product_brand":[],"product_cat":[2121,2122,2123],"product_tag":[1238],"class_list":{"0":"post-334819","1":"product","2":"type-product","3":"status-publish","4":"has-post-thumbnail","6":"product_cat-odevy","7":"product_cat-bundy-a-kabaty","8":"product_cat-bundy","9":"product_tag-sioen","10":"pa_farba-navy","11":"pa_farba-cervena","12":"pa_farba-cierna","13":"pa_farba-siva","14":"pa_velkost-m","15":"pa_velkost-s","16":"pa_velkost-3xl","17":"pa_velkost-xxl","18":"pa_velkost-xs","19":"pa_velkost-xl","20":"pa_velkost-l","22":"first","23":"instock","24":"taxable","25":"shipping-taxable","26":"purchasable","27":"product-type-variable"},"acf":[],"_links":{"self":[{"href":"https:\/\/gajos.sk\/eshop\/wp-json\/wp\/v2\/product\/334819","targetHints":{"allow":["GET"]}}],"collection":[{"href":"https:\/\/gajos.sk\/eshop\/wp-json\/wp\/v2\/product"}],"about":[{"href":"https:\/\/gajos.sk\/eshop\/wp-json\/wp\/v2\/types\/product"}],"wp:featuredmedia":[{"embeddable":true,"href":"https:\/\/gajos.sk\/eshop\/wp-json\/wp\/v2\/media\/334821"}],"wp:attachment":[{"href":"https:\/\/gajos.sk\/eshop\/wp-json\/wp\/v2\/media?parent=334819"}],"wp:term":[{"taxonomy":"product_brand","embeddable":true,"href":"https:\/\/gajos.sk\/eshop\/wp-json\/wp\/v2\/product_brand?post=334819"},{"taxonomy":"product_cat","embeddable":true,"href":"https:\/\/gajos.sk\/eshop\/wp-json\/wp\/v2\/product_cat?post=334819"},{"taxonomy":"product_tag","embeddable":true,"href":"https:\/\/gajos.sk\/eshop\/wp-json\/wp\/v2\/product_tag?post=334819"}],"curies":[{"name":"wp","href":"https:\/\/api.w.org\/{rel}","templated":true}]}}