{"id":334796,"date":"2024-03-01T19:35:10","date_gmt":"2024-03-01T18:35:10","guid":{"rendered":"https:\/\/gajostest.a2hosted.com\/eshop\/sioen-tornhill-bunda\/"},"modified":"2026-04-25T21:25:02","modified_gmt":"2026-04-25T19:25:02","slug":"sioen-tornhill-bunda","status":"publish","type":"product","link":"https:\/\/gajos.sk\/eshop\/p\/sioen-tornhill-bunda\/","title":{"rendered":"SIOEN TORNHILL bunda"},"content":{"rendered":"","protected":false},"excerpt":{"rendered":"<p>Vysoko priedu\u0161n\u00e1, nepremokav\u00e1 a vetruodoln\u00e1 bunda. Zap\u00ednanie na zips, odn\u00edmate\u013en\u00e1 kapuc\u0148a so \u0161iltom a zap\u00ednan\u00edm pri krku, 2 n\u00e1prsn\u00fdmi vreckami na zips, 2 vreckami na zips a 1 vreckom na ruk\u00e1ve. S\u0165ahovacia \u0161n\u00farka v p\u00e1se a spodnom okraji bundy. D\u013a\u017eka chrbta 85 cm (pri ve\u013ekosti L).<\/p>\n","protected":false},"featured_media":334798,"template":"","meta":{"_acf_changed":false,"inline_featured_image":false},"product_brand":[],"product_cat":[2121,2122,2123],"product_tag":[1238],"class_list":{"0":"post-334796","1":"product","2":"type-product","3":"status-publish","4":"has-post-thumbnail","6":"product_cat-odevy","7":"product_cat-bundy-a-kabaty","8":"product_cat-bundy","9":"product_tag-sioen","10":"pa_farba-navy","11":"pa_farba-cervena","12":"pa_farba-siva","13":"pa_velkost-3xl","14":"pa_velkost-xxl","15":"pa_velkost-xs","16":"pa_velkost-xl","17":"pa_velkost-l","18":"pa_velkost-m","19":"pa_velkost-s","21":"first","22":"instock","23":"taxable","24":"shipping-taxable","25":"purchasable","26":"product-type-variable"},"acf":[],"_links":{"self":[{"href":"https:\/\/gajos.sk\/eshop\/wp-json\/wp\/v2\/product\/334796","targetHints":{"allow":["GET"]}}],"collection":[{"href":"https:\/\/gajos.sk\/eshop\/wp-json\/wp\/v2\/product"}],"about":[{"href":"https:\/\/gajos.sk\/eshop\/wp-json\/wp\/v2\/types\/product"}],"wp:featuredmedia":[{"embeddable":true,"href":"https:\/\/gajos.sk\/eshop\/wp-json\/wp\/v2\/media\/334798"}],"wp:attachment":[{"href":"https:\/\/gajos.sk\/eshop\/wp-json\/wp\/v2\/media?parent=334796"}],"wp:term":[{"taxonomy":"product_brand","embeddable":true,"href":"https:\/\/gajos.sk\/eshop\/wp-json\/wp\/v2\/product_brand?post=334796"},{"taxonomy":"product_cat","embeddable":true,"href":"https:\/\/gajos.sk\/eshop\/wp-json\/wp\/v2\/product_cat?post=334796"},{"taxonomy":"product_tag","embeddable":true,"href":"https:\/\/gajos.sk\/eshop\/wp-json\/wp\/v2\/product_tag?post=334796"}],"curies":[{"name":"wp","href":"https:\/\/api.w.org\/{rel}","templated":true}]}}