{"id":334731,"date":"2024-03-01T19:33:55","date_gmt":"2024-03-01T18:33:55","guid":{"rendered":"https:\/\/gajostest.a2hosted.com\/eshop\/gomti-bunda-fleece-damska\/"},"modified":"2026-04-25T21:25:02","modified_gmt":"2026-04-25T19:25:02","slug":"gomti-bunda-fleece-damska","status":"publish","type":"product","link":"https:\/\/gajos.sk\/eshop\/p\/gomti-bunda-fleece-damska\/","title":{"rendered":"GOMTI bunda fleece d\u00e1mska"},"content":{"rendered":"","protected":false},"excerpt":{"rendered":"<p>\u2022 d\u00e1mska bunda z mikrofleecu so stoja\u010dikom \u2022 priliehav\u00fd strih \u2022 \u013eahk\u00fd a pr\u00edjemn\u00fd materi\u00e1l<\/p>\n","protected":false},"featured_media":334733,"template":"","meta":{"_acf_changed":false,"inline_featured_image":false},"product_brand":[],"product_cat":[2121,2122,2123],"product_tag":[1179],"class_list":{"0":"post-334731","1":"product","2":"type-product","3":"status-publish","4":"has-post-thumbnail","6":"product_cat-odevy","7":"product_cat-bundy-a-kabaty","8":"product_cat-bundy","9":"product_tag-cerva","10":"pa_farba-limetkova","11":"pa_farba-cervena","12":"pa_farba-tm-ruzova","13":"pa_farba-cierna","14":"pa_farba-biela","15":"pa_farba-sv-modra","16":"pa_velkost-xl","17":"pa_velkost-l","18":"pa_velkost-m","19":"pa_velkost-s","20":"pa_velkost-xxl","21":"pa_velkost-xs","23":"first","24":"instock","25":"taxable","26":"shipping-taxable","27":"purchasable","28":"product-type-variable"},"acf":[],"_links":{"self":[{"href":"https:\/\/gajos.sk\/eshop\/wp-json\/wp\/v2\/product\/334731","targetHints":{"allow":["GET"]}}],"collection":[{"href":"https:\/\/gajos.sk\/eshop\/wp-json\/wp\/v2\/product"}],"about":[{"href":"https:\/\/gajos.sk\/eshop\/wp-json\/wp\/v2\/types\/product"}],"wp:featuredmedia":[{"embeddable":true,"href":"https:\/\/gajos.sk\/eshop\/wp-json\/wp\/v2\/media\/334733"}],"wp:attachment":[{"href":"https:\/\/gajos.sk\/eshop\/wp-json\/wp\/v2\/media?parent=334731"}],"wp:term":[{"taxonomy":"product_brand","embeddable":true,"href":"https:\/\/gajos.sk\/eshop\/wp-json\/wp\/v2\/product_brand?post=334731"},{"taxonomy":"product_cat","embeddable":true,"href":"https:\/\/gajos.sk\/eshop\/wp-json\/wp\/v2\/product_cat?post=334731"},{"taxonomy":"product_tag","embeddable":true,"href":"https:\/\/gajos.sk\/eshop\/wp-json\/wp\/v2\/product_tag?post=334731"}],"curies":[{"name":"wp","href":"https:\/\/api.w.org\/{rel}","templated":true}]}}