{"id":334658,"date":"2024-03-01T19:33:38","date_gmt":"2024-03-01T18:33:38","guid":{"rendered":"https:\/\/gajostest.a2hosted.com\/eshop\/ff-carl-be-01-002-bunda\/"},"modified":"2026-04-18T01:22:34","modified_gmt":"2026-04-17T23:22:34","slug":"ff-carl-be-01-002-bunda","status":"publish","type":"product","link":"https:\/\/gajos.sk\/eshop\/p\/ff-carl-be-01-002-bunda\/","title":{"rendered":"FF CARL BE-01-002 bunda"},"content":{"rendered":"","protected":false},"excerpt":{"rendered":"<p>Bunda s multifunk\u010dn\u00fdmi vreckami, zosilnenie na lak\u0165och.<\/p>\n","protected":false},"featured_media":334660,"template":"","meta":{"_acf_changed":false,"inline_featured_image":false},"product_brand":[],"product_cat":[2121,2122,2123],"product_tag":[1228],"class_list":{"0":"post-334658","1":"product","2":"type-product","3":"status-publish","4":"has-post-thumbnail","6":"product_cat-odevy","7":"product_cat-bundy-a-kabaty","8":"product_cat-bundy","9":"product_tag-fridrich-fridrich","10":"pa_farba-cervena-cierna","11":"pa_farba-biela-siva","12":"pa_farba-siva","13":"pa_farba-cerna-cervena","14":"pa_farba-zelena-cierna","15":"pa_farba-royal-cierna","16":"pa_velkost-3155","17":"pa_velkost-3157","18":"pa_velkost-3158","19":"pa_velkost-3159","20":"pa_velkost-3160","21":"pa_velkost-3161","22":"pa_velkost-3162","23":"pa_velkost-3110","24":"pa_velkost-3121","25":"pa_velkost-3123","27":"first","28":"instock","29":"taxable","30":"shipping-taxable","31":"purchasable","32":"product-type-variable"},"acf":[],"_links":{"self":[{"href":"https:\/\/gajos.sk\/eshop\/wp-json\/wp\/v2\/product\/334658","targetHints":{"allow":["GET"]}}],"collection":[{"href":"https:\/\/gajos.sk\/eshop\/wp-json\/wp\/v2\/product"}],"about":[{"href":"https:\/\/gajos.sk\/eshop\/wp-json\/wp\/v2\/types\/product"}],"wp:featuredmedia":[{"embeddable":true,"href":"https:\/\/gajos.sk\/eshop\/wp-json\/wp\/v2\/media\/334660"}],"wp:attachment":[{"href":"https:\/\/gajos.sk\/eshop\/wp-json\/wp\/v2\/media?parent=334658"}],"wp:term":[{"taxonomy":"product_brand","embeddable":true,"href":"https:\/\/gajos.sk\/eshop\/wp-json\/wp\/v2\/product_brand?post=334658"},{"taxonomy":"product_cat","embeddable":true,"href":"https:\/\/gajos.sk\/eshop\/wp-json\/wp\/v2\/product_cat?post=334658"},{"taxonomy":"product_tag","embeddable":true,"href":"https:\/\/gajos.sk\/eshop\/wp-json\/wp\/v2\/product_tag?post=334658"}],"curies":[{"name":"wp","href":"https:\/\/api.w.org\/{rel}","templated":true}]}}