{"id":334656,"date":"2024-03-01T19:33:38","date_gmt":"2024-03-01T18:33:38","guid":{"rendered":"https:\/\/gajostest.a2hosted.com\/eshop\/max-winter-bunda-260-g-m2\/"},"modified":"2026-05-07T21:20:28","modified_gmt":"2026-05-07T19:20:28","slug":"max-winter-bunda-260-g-m2","status":"publish","type":"product","link":"https:\/\/gajos.sk\/eshop\/p\/max-winter-bunda-260-g-m2\/","title":{"rendered":"MAX WINTER bunda 260 g\/m2"},"content":{"rendered":"","protected":false},"excerpt":{"rendered":"<p>\u2022 bavlnen\u00e1 zateplen\u00e1 bunda s kapuc\u0148ou a odn\u00edmate\u013en\u00fdmi ruk\u00e1vmi na zips \u2022 pr\u00edjemn\u00fd priedu\u0161n\u00fd ne\u0161u\u0161\u0165av\u00fd materi\u00e1l vhodn\u00fd na celodenn\u00e9 nosenie \u2022 hlbok\u00e9 multifunk\u010dn\u00e9 vreck\u00e1 pre v\u0161estrann\u00e9 pou\u017eitie \u2022 bunda je vhodn\u00e1 na pr\u00e1cu aj pri m\u00ednusov\u00fdch teplot\u00e1ch<\/p>\n","protected":false},"featured_media":0,"template":"","meta":{"_acf_changed":false,"inline_featured_image":false},"product_brand":[],"product_cat":[2121,2123,2122],"product_tag":[1179],"class_list":{"0":"post-334656","1":"product","2":"type-product","3":"status-publish","5":"product_cat-odevy","6":"product_cat-bundy","7":"product_cat-bundy-a-kabaty","8":"product_tag-cerva","9":"pa_farba-zelena-cierna","10":"pa_velkost-3161","12":"first","13":"instock","14":"taxable","15":"shipping-taxable","16":"product-type-variable"},"acf":[],"_links":{"self":[{"href":"https:\/\/gajos.sk\/eshop\/wp-json\/wp\/v2\/product\/334656","targetHints":{"allow":["GET"]}}],"collection":[{"href":"https:\/\/gajos.sk\/eshop\/wp-json\/wp\/v2\/product"}],"about":[{"href":"https:\/\/gajos.sk\/eshop\/wp-json\/wp\/v2\/types\/product"}],"wp:attachment":[{"href":"https:\/\/gajos.sk\/eshop\/wp-json\/wp\/v2\/media?parent=334656"}],"wp:term":[{"taxonomy":"product_brand","embeddable":true,"href":"https:\/\/gajos.sk\/eshop\/wp-json\/wp\/v2\/product_brand?post=334656"},{"taxonomy":"product_cat","embeddable":true,"href":"https:\/\/gajos.sk\/eshop\/wp-json\/wp\/v2\/product_cat?post=334656"},{"taxonomy":"product_tag","embeddable":true,"href":"https:\/\/gajos.sk\/eshop\/wp-json\/wp\/v2\/product_tag?post=334656"}],"curies":[{"name":"wp","href":"https:\/\/api.w.org\/{rel}","templated":true}]}}