{"id":334546,"date":"2024-03-01T19:33:05","date_gmt":"2024-03-01T18:33:05","guid":{"rendered":"https:\/\/gajostest.a2hosted.com\/eshop\/max-bunda-260-g-m2\/"},"modified":"2026-04-15T21:24:52","modified_gmt":"2026-04-15T19:24:52","slug":"max-bunda-260-g-m2","status":"publish","type":"product","link":"https:\/\/gajos.sk\/eshop\/p\/max-bunda-260-g-m2\/","title":{"rendered":"MAX bunda 260 g\/m2"},"content":{"rendered":"","protected":false},"excerpt":{"rendered":"<p>p\u00e1nska pracovn\u00e1 bunda so zap\u00ednan\u00edm na zips kryt\u00fdm l\u00e9gou; odop\u00ednate\u013en\u00e9 ruk\u00e1vy; 2 predn\u00e9 vreck\u00e1; 2 n\u00e1prsn\u00e9 zdvojen\u00e9 vreck\u00e1 s chlop\u0148ou; 1 mal\u00e9 vrecko na \u013eavom ruk\u00e1ve; zosilnenie nam\u00e1han\u00fdch miest lak\u0165ov a ramien; pru\u017en\u00e9 man\u017eety ruk\u00e1vov a spodn\u00fd obvod v p\u00e1se.<\/p>\n","protected":false},"featured_media":334548,"template":"","meta":{"_acf_changed":false,"inline_featured_image":false},"product_brand":[],"product_cat":[2121,2122,2123],"product_tag":[1179],"class_list":{"0":"post-334546","1":"product","2":"type-product","3":"status-publish","4":"has-post-thumbnail","6":"product_cat-odevy","7":"product_cat-bundy-a-kabaty","8":"product_cat-bundy","9":"product_tag-cerva","10":"pa_farba-cierna-siva","11":"pa_farba-zelena-cierna","12":"pa_farba-cervena-cierna","13":"pa_farba-biela-siva","14":"pa_farba-modra-cierna","15":"pa_velkost-3160","16":"pa_velkost-3161","17":"pa_velkost-3110","18":"pa_velkost-3162","19":"pa_velkost-3112","20":"pa_velkost-3121","21":"pa_velkost-3174","22":"pa_velkost-3123","23":"pa_velkost-3175","24":"pa_velkost-3155","25":"pa_velkost-3157","26":"pa_velkost-3158","27":"pa_velkost-3159","29":"first","30":"instock","31":"taxable","32":"shipping-taxable","33":"product-type-variable"},"acf":[],"_links":{"self":[{"href":"https:\/\/gajos.sk\/eshop\/wp-json\/wp\/v2\/product\/334546","targetHints":{"allow":["GET"]}}],"collection":[{"href":"https:\/\/gajos.sk\/eshop\/wp-json\/wp\/v2\/product"}],"about":[{"href":"https:\/\/gajos.sk\/eshop\/wp-json\/wp\/v2\/types\/product"}],"wp:featuredmedia":[{"embeddable":true,"href":"https:\/\/gajos.sk\/eshop\/wp-json\/wp\/v2\/media\/334548"}],"wp:attachment":[{"href":"https:\/\/gajos.sk\/eshop\/wp-json\/wp\/v2\/media?parent=334546"}],"wp:term":[{"taxonomy":"product_brand","embeddable":true,"href":"https:\/\/gajos.sk\/eshop\/wp-json\/wp\/v2\/product_brand?post=334546"},{"taxonomy":"product_cat","embeddable":true,"href":"https:\/\/gajos.sk\/eshop\/wp-json\/wp\/v2\/product_cat?post=334546"},{"taxonomy":"product_tag","embeddable":true,"href":"https:\/\/gajos.sk\/eshop\/wp-json\/wp\/v2\/product_tag?post=334546"}],"curies":[{"name":"wp","href":"https:\/\/api.w.org\/{rel}","templated":true}]}}