{"id":334527,"date":"2024-03-01T19:32:00","date_gmt":"2024-03-01T18:32:00","guid":{"rendered":"https:\/\/gajostest.a2hosted.com\/eshop\/cloverfield-bunda-4v1\/"},"modified":"2026-04-15T21:24:52","modified_gmt":"2026-04-15T19:24:52","slug":"cloverfield-bunda-4v1","status":"publish","type":"product","link":"https:\/\/gajos.sk\/eshop\/p\/cloverfield-bunda-4v1\/","title":{"rendered":"CLOVERFIELD bunda 4v1"},"content":{"rendered":"","protected":false},"excerpt":{"rendered":"<p>p\u00e1nska nepremokav\u00e1 bunda 4 v 1 s odop\u00ednate\u013enou vn\u00fatornou bundou s odop\u00ednac\u00edmi ruk\u00e1vmi; kapuc\u0148a v golieri; 2 predn\u00e9 vreck\u00e1 prekryt\u00e9 chlop\u0148ou na such\u00fd zips; 1 Napoleon vrecko na zips; vn\u00fatorn\u00e9 s\u0165ahovanie v p\u00e1se; reflexn\u00e9 doplnky; vn\u00fatorn\u00fa bundu je mo\u017en\u00e9 pou\u017ei\u0165 samostatne aj ako zateplen\u00fa vestu.<\/p>\n","protected":false},"featured_media":0,"template":"","meta":{"_acf_changed":false,"inline_featured_image":false},"product_brand":[],"product_cat":[2167,2121,2122],"product_tag":[1238],"class_list":{"0":"post-334527","1":"product","2":"type-product","3":"status-publish","5":"product_cat-kabaty","6":"product_cat-odevy","7":"product_cat-bundy-a-kabaty","8":"product_tag-sioen","9":"pa_farba-navy","10":"pa_farba-cervena","11":"pa_farba-siva","12":"pa_velkost-3xl","13":"pa_velkost-xxl","14":"pa_velkost-xl","15":"pa_velkost-l","16":"pa_velkost-m","17":"pa_velkost-s","19":"first","20":"instock","21":"taxable","22":"shipping-taxable","23":"product-type-variable"},"acf":[],"_links":{"self":[{"href":"https:\/\/gajos.sk\/eshop\/wp-json\/wp\/v2\/product\/334527","targetHints":{"allow":["GET"]}}],"collection":[{"href":"https:\/\/gajos.sk\/eshop\/wp-json\/wp\/v2\/product"}],"about":[{"href":"https:\/\/gajos.sk\/eshop\/wp-json\/wp\/v2\/types\/product"}],"wp:attachment":[{"href":"https:\/\/gajos.sk\/eshop\/wp-json\/wp\/v2\/media?parent=334527"}],"wp:term":[{"taxonomy":"product_brand","embeddable":true,"href":"https:\/\/gajos.sk\/eshop\/wp-json\/wp\/v2\/product_brand?post=334527"},{"taxonomy":"product_cat","embeddable":true,"href":"https:\/\/gajos.sk\/eshop\/wp-json\/wp\/v2\/product_cat?post=334527"},{"taxonomy":"product_tag","embeddable":true,"href":"https:\/\/gajos.sk\/eshop\/wp-json\/wp\/v2\/product_tag?post=334527"}],"curies":[{"name":"wp","href":"https:\/\/api.w.org\/{rel}","templated":true}]}}