{"id":334490,"date":"2024-03-01T19:31:51","date_gmt":"2024-03-01T18:31:51","guid":{"rendered":"https:\/\/gajostest.a2hosted.com\/eshop\/sioen-skollfield-bunda-4v1\/"},"modified":"2026-05-07T21:20:27","modified_gmt":"2026-05-07T19:20:27","slug":"sioen-skollfield-bunda-4v1","status":"publish","type":"product","link":"https:\/\/gajos.sk\/eshop\/p\/sioen-skollfield-bunda-4v1\/","title":{"rendered":"SIOEN SKOLLFIELD bunda 4v1"},"content":{"rendered":"","protected":false},"excerpt":{"rendered":"<p>Bunda 4 v 1 s odop\u00ednate\u013enou zateplenou vlo\u017ekou a ruk\u00e1vmi, kapuc\u0148ou v golieri, 2 vn\u00fatorn\u00fdmi vreckami, prekryt\u00fdm zipsom, vn\u00fatorn\u00fdm s\u0165ahovan\u00edm v p\u00e1se, pleten\u00fdmi man\u017eetami v ruk\u00e1voch a pre\u0161\u00edvanou pod\u0161\u00edvkou.<\/p>\n","protected":false},"featured_media":334492,"template":"","meta":{"_acf_changed":false,"inline_featured_image":false},"product_brand":[],"product_cat":[2167,2121,2122],"product_tag":[1238],"class_list":{"0":"post-334490","1":"product","2":"type-product","3":"status-publish","4":"has-post-thumbnail","6":"product_cat-kabaty","7":"product_cat-odevy","8":"product_cat-bundy-a-kabaty","9":"product_tag-sioen","10":"pa_farba-zlta","11":"pa_farba-cervena","12":"pa_farba-oranzova","13":"pa_velkost-xl","14":"pa_velkost-l","15":"pa_velkost-m","16":"pa_velkost-s","17":"pa_velkost-3xl","18":"pa_velkost-xxl","19":"pa_velkost-4xl","21":"first","22":"instock","23":"taxable","24":"shipping-taxable","25":"product-type-variable"},"acf":[],"_links":{"self":[{"href":"https:\/\/gajos.sk\/eshop\/wp-json\/wp\/v2\/product\/334490","targetHints":{"allow":["GET"]}}],"collection":[{"href":"https:\/\/gajos.sk\/eshop\/wp-json\/wp\/v2\/product"}],"about":[{"href":"https:\/\/gajos.sk\/eshop\/wp-json\/wp\/v2\/types\/product"}],"wp:featuredmedia":[{"embeddable":true,"href":"https:\/\/gajos.sk\/eshop\/wp-json\/wp\/v2\/media\/334492"}],"wp:attachment":[{"href":"https:\/\/gajos.sk\/eshop\/wp-json\/wp\/v2\/media?parent=334490"}],"wp:term":[{"taxonomy":"product_brand","embeddable":true,"href":"https:\/\/gajos.sk\/eshop\/wp-json\/wp\/v2\/product_brand?post=334490"},{"taxonomy":"product_cat","embeddable":true,"href":"https:\/\/gajos.sk\/eshop\/wp-json\/wp\/v2\/product_cat?post=334490"},{"taxonomy":"product_tag","embeddable":true,"href":"https:\/\/gajos.sk\/eshop\/wp-json\/wp\/v2\/product_tag?post=334490"}],"curies":[{"name":"wp","href":"https:\/\/api.w.org\/{rel}","templated":true}]}}