{"id":334439,"date":"2024-03-01T19:31:34","date_gmt":"2024-03-01T18:31:34","guid":{"rendered":"https:\/\/gajostest.a2hosted.com\/eshop\/sioen-dortmund-bunda-do-dazda\/"},"modified":"2026-05-07T21:20:27","modified_gmt":"2026-05-07T19:20:27","slug":"sioen-dortmund-bunda-do-dazda","status":"publish","type":"product","link":"https:\/\/gajos.sk\/eshop\/p\/sioen-dortmund-bunda-do-dazda\/","title":{"rendered":"SIOEN DORTMUND bunda do da\u017e\u010fa"},"content":{"rendered":"","protected":false},"excerpt":{"rendered":"<p>Bunda do da\u017e\u010fa s kapuc\u0148ou v golieri, ventil\u00e1ciou v podpazu\u0161\u00ed, prekryt\u00fdm zipsom a zataven\u00fdmi \u0161vami.<\/p>\n","protected":false},"featured_media":334441,"template":"","meta":{"_acf_changed":false,"inline_featured_image":false},"product_brand":[],"product_cat":[2121,2122,2123],"product_tag":[1238],"class_list":{"0":"post-334439","1":"product","2":"type-product","3":"status-publish","4":"has-post-thumbnail","6":"product_cat-odevy","7":"product_cat-bundy-a-kabaty","8":"product_cat-bundy","9":"product_tag-sioen","10":"pa_farba-navy","11":"pa_farba-modra","12":"pa_farba-zelena","13":"pa_farba-oranzova","14":"pa_velkost-s","15":"pa_velkost-3xl","16":"pa_velkost-xxl","17":"pa_velkost-xl","18":"pa_velkost-l","19":"pa_velkost-m","21":"first","22":"instock","23":"taxable","24":"shipping-taxable","25":"product-type-variable"},"acf":[],"_links":{"self":[{"href":"https:\/\/gajos.sk\/eshop\/wp-json\/wp\/v2\/product\/334439","targetHints":{"allow":["GET"]}}],"collection":[{"href":"https:\/\/gajos.sk\/eshop\/wp-json\/wp\/v2\/product"}],"about":[{"href":"https:\/\/gajos.sk\/eshop\/wp-json\/wp\/v2\/types\/product"}],"wp:featuredmedia":[{"embeddable":true,"href":"https:\/\/gajos.sk\/eshop\/wp-json\/wp\/v2\/media\/334441"}],"wp:attachment":[{"href":"https:\/\/gajos.sk\/eshop\/wp-json\/wp\/v2\/media?parent=334439"}],"wp:term":[{"taxonomy":"product_brand","embeddable":true,"href":"https:\/\/gajos.sk\/eshop\/wp-json\/wp\/v2\/product_brand?post=334439"},{"taxonomy":"product_cat","embeddable":true,"href":"https:\/\/gajos.sk\/eshop\/wp-json\/wp\/v2\/product_cat?post=334439"},{"taxonomy":"product_tag","embeddable":true,"href":"https:\/\/gajos.sk\/eshop\/wp-json\/wp\/v2\/product_tag?post=334439"}],"curies":[{"name":"wp","href":"https:\/\/api.w.org\/{rel}","templated":true}]}}