{"id":333921,"date":"2024-03-01T19:25:42","date_gmt":"2024-03-01T18:25:42","guid":{"rendered":"https:\/\/gajostest.a2hosted.com\/eshop\/nyala-bunda\/"},"modified":"2026-04-15T21:22:40","modified_gmt":"2026-04-15T19:22:40","slug":"nyala-bunda","status":"publish","type":"product","link":"https:\/\/gajos.sk\/eshop\/p\/nyala-bunda\/","title":{"rendered":"NYALA bunda"},"content":{"rendered":"","protected":false},"excerpt":{"rendered":"<p>Nepremokav\u00e1 zateplen\u00e1 bunda s kapuc\u0148ou v golieri.<\/p>\n","protected":false},"featured_media":333923,"template":"","meta":{"_acf_changed":false,"inline_featured_image":false},"product_brand":[],"product_cat":[2167,2121,2122],"product_tag":[1179],"class_list":{"0":"post-333921","1":"product","2":"type-product","3":"status-publish","4":"has-post-thumbnail","6":"product_cat-kabaty","7":"product_cat-odevy","8":"product_cat-bundy-a-kabaty","9":"product_tag-cerva","10":"pa_farba-modra","11":"pa_farba-zelena","12":"pa_farba-cervena","13":"pa_farba-cierna","14":"pa_farba-siva","15":"pa_velkost-5xl","16":"pa_velkost-4xl","17":"pa_velkost-xs","18":"pa_velkost-xl","19":"pa_velkost-l","20":"pa_velkost-m","21":"pa_velkost-s","22":"pa_velkost-3xl","23":"pa_velkost-xxl","25":"first","26":"instock","27":"taxable","28":"shipping-taxable","29":"purchasable","30":"product-type-variable"},"acf":[],"_links":{"self":[{"href":"https:\/\/gajos.sk\/eshop\/wp-json\/wp\/v2\/product\/333921","targetHints":{"allow":["GET"]}}],"collection":[{"href":"https:\/\/gajos.sk\/eshop\/wp-json\/wp\/v2\/product"}],"about":[{"href":"https:\/\/gajos.sk\/eshop\/wp-json\/wp\/v2\/types\/product"}],"wp:featuredmedia":[{"embeddable":true,"href":"https:\/\/gajos.sk\/eshop\/wp-json\/wp\/v2\/media\/333923"}],"wp:attachment":[{"href":"https:\/\/gajos.sk\/eshop\/wp-json\/wp\/v2\/media?parent=333921"}],"wp:term":[{"taxonomy":"product_brand","embeddable":true,"href":"https:\/\/gajos.sk\/eshop\/wp-json\/wp\/v2\/product_brand?post=333921"},{"taxonomy":"product_cat","embeddable":true,"href":"https:\/\/gajos.sk\/eshop\/wp-json\/wp\/v2\/product_cat?post=333921"},{"taxonomy":"product_tag","embeddable":true,"href":"https:\/\/gajos.sk\/eshop\/wp-json\/wp\/v2\/product_tag?post=333921"}],"curies":[{"name":"wp","href":"https:\/\/api.w.org\/{rel}","templated":true}]}}