{"id":333359,"date":"2024-03-01T19:15:15","date_gmt":"2024-03-01T18:15:15","guid":{"rendered":"https:\/\/gajostest.a2hosted.com\/eshop\/waipi-man-56650-slapky\/"},"modified":"2026-04-25T21:20:56","modified_gmt":"2026-04-25T19:20:56","slug":"waipi-man-56650-slapky","status":"publish","type":"product","link":"https:\/\/gajos.sk\/eshop\/p\/waipi-man-56650-slapky\/","title":{"rendered":"WAIPI MAN 56650 \u0161\u013eapky"},"content":{"rendered":"","protected":false},"excerpt":{"rendered":"<p>Ergonomicky tvarovan\u00e9 p\u00e1nske naz\u00favacie \u0161\u013eapky vyroben\u00e9 z materi\u00e1lu EVA. \u013dahk\u00e9, pohodln\u00e9 a jednoduch\u00e9 na \u00fadr\u017ebu. Perfektn\u00e9 ako dom\u00e1ca obuv, na z\u00e1hradu, baz\u00e9n alebo na pl\u00e1\u017e.<br \/>\nOchrann\u00e1 obuv proti minim\u00e1lnym rizik\u00e1m, ide\u00e1lna pre upratovacie alebo soci\u00e1lne slu\u017eby. Dostupn\u00e9 v nieko\u013ek\u00fdch farebn\u00fdch kombin\u00e1ci\u00e1ch.<\/p>\n","protected":false},"featured_media":333361,"template":"","meta":{"_acf_changed":false,"inline_featured_image":false},"product_brand":[],"product_cat":[2142,2170],"product_tag":[1244],"class_list":{"0":"post-333359","1":"product","2":"type-product","3":"status-publish","4":"has-post-thumbnail","6":"product_cat-obuv","7":"product_cat-slapky","8":"product_tag-crv","9":"pa_farba-cierna","10":"pa_farba-biela","11":"pa_farba-navy","12":"pa_velkost-3109","13":"pa_velkost-3110","14":"pa_velkost-3111","15":"pa_velkost-3112","16":"pa_velkost-3113","17":"pa_velkost-3114","18":"pa_velkost-3115","20":"first","21":"instock","22":"taxable","23":"shipping-taxable","24":"purchasable","25":"product-type-variable"},"acf":[],"_links":{"self":[{"href":"https:\/\/gajos.sk\/eshop\/wp-json\/wp\/v2\/product\/333359","targetHints":{"allow":["GET"]}}],"collection":[{"href":"https:\/\/gajos.sk\/eshop\/wp-json\/wp\/v2\/product"}],"about":[{"href":"https:\/\/gajos.sk\/eshop\/wp-json\/wp\/v2\/types\/product"}],"wp:featuredmedia":[{"embeddable":true,"href":"https:\/\/gajos.sk\/eshop\/wp-json\/wp\/v2\/media\/333361"}],"wp:attachment":[{"href":"https:\/\/gajos.sk\/eshop\/wp-json\/wp\/v2\/media?parent=333359"}],"wp:term":[{"taxonomy":"product_brand","embeddable":true,"href":"https:\/\/gajos.sk\/eshop\/wp-json\/wp\/v2\/product_brand?post=333359"},{"taxonomy":"product_cat","embeddable":true,"href":"https:\/\/gajos.sk\/eshop\/wp-json\/wp\/v2\/product_cat?post=333359"},{"taxonomy":"product_tag","embeddable":true,"href":"https:\/\/gajos.sk\/eshop\/wp-json\/wp\/v2\/product_tag?post=333359"}],"curies":[{"name":"wp","href":"https:\/\/api.w.org\/{rel}","templated":true}]}}