{"id":333319,"date":"2024-03-01T19:15:05","date_gmt":"2024-03-01T18:15:05","guid":{"rendered":"https:\/\/gajostest.a2hosted.com\/eshop\/treen-slapky\/"},"modified":"2026-04-25T21:20:56","modified_gmt":"2026-04-25T19:20:56","slug":"treen-slapky","status":"publish","type":"product","link":"https:\/\/gajos.sk\/eshop\/p\/treen-slapky\/","title":{"rendered":"TREEN \u0161\u013eapky"},"content":{"rendered":"","protected":false},"excerpt":{"rendered":"<p>\u017dabky do sprchy z materi\u00e1lu EVA, m\u00e4kk\u00fd PVC p\u00e1sik cez priehlavok.<\/p>\n","protected":false},"featured_media":333321,"template":"","meta":{"_acf_changed":false,"inline_featured_image":false},"product_brand":[],"product_cat":[2142,2170],"product_tag":[1244],"class_list":{"0":"post-333319","1":"product","2":"type-product","3":"status-publish","4":"has-post-thumbnail","6":"product_cat-obuv","7":"product_cat-slapky","8":"product_tag-crv","9":"pa_farba-cierna","10":"pa_velkost-3115","11":"pa_velkost-3116","12":"pa_velkost-3117","13":"pa_velkost-3118","14":"pa_velkost-3119","15":"pa_velkost-3120","16":"pa_velkost-3110","17":"pa_velkost-3111","18":"pa_velkost-3112","19":"pa_velkost-3113","20":"pa_velkost-3114","22":"first","23":"instock","24":"taxable","25":"shipping-taxable","26":"purchasable","27":"product-type-variable"},"acf":[],"_links":{"self":[{"href":"https:\/\/gajos.sk\/eshop\/wp-json\/wp\/v2\/product\/333319","targetHints":{"allow":["GET"]}}],"collection":[{"href":"https:\/\/gajos.sk\/eshop\/wp-json\/wp\/v2\/product"}],"about":[{"href":"https:\/\/gajos.sk\/eshop\/wp-json\/wp\/v2\/types\/product"}],"wp:featuredmedia":[{"embeddable":true,"href":"https:\/\/gajos.sk\/eshop\/wp-json\/wp\/v2\/media\/333321"}],"wp:attachment":[{"href":"https:\/\/gajos.sk\/eshop\/wp-json\/wp\/v2\/media?parent=333319"}],"wp:term":[{"taxonomy":"product_brand","embeddable":true,"href":"https:\/\/gajos.sk\/eshop\/wp-json\/wp\/v2\/product_brand?post=333319"},{"taxonomy":"product_cat","embeddable":true,"href":"https:\/\/gajos.sk\/eshop\/wp-json\/wp\/v2\/product_cat?post=333319"},{"taxonomy":"product_tag","embeddable":true,"href":"https:\/\/gajos.sk\/eshop\/wp-json\/wp\/v2\/product_tag?post=333319"}],"curies":[{"name":"wp","href":"https:\/\/api.w.org\/{rel}","templated":true}]}}