{"id":333307,"date":"2024-03-01T19:13:56","date_gmt":"2024-03-01T18:13:56","guid":{"rendered":"https:\/\/gajostest.a2hosted.com\/eshop\/sennen-man-slapky\/"},"modified":"2026-04-25T21:20:56","modified_gmt":"2026-04-25T19:20:56","slug":"sennen-man-slapky","status":"publish","type":"product","link":"https:\/\/gajos.sk\/eshop\/p\/sennen-man-slapky\/","title":{"rendered":"SENNEN MAN \u0161\u013eapky"},"content":{"rendered":"","protected":false},"excerpt":{"rendered":"<p>Pohodln\u00e9 \u0161\u013eapky z materi\u00e1lu EVA, stielka z m\u00e4k\u010den\u00e9ho materi\u00e1lu EVA.<\/p>\n","protected":false},"featured_media":333309,"template":"","meta":{"_acf_changed":false,"inline_featured_image":false},"product_brand":[],"product_cat":[2142,2170],"product_tag":[1244],"class_list":{"0":"post-333307","1":"product","2":"type-product","3":"status-publish","4":"has-post-thumbnail","6":"product_cat-obuv","7":"product_cat-slapky","8":"product_tag-crv","9":"pa_farba-modra","10":"pa_velkost-3114","11":"pa_velkost-3115","12":"pa_velkost-3110","13":"pa_velkost-3111","14":"pa_velkost-3112","15":"pa_velkost-3113","17":"first","18":"instock","19":"taxable","20":"shipping-taxable","21":"purchasable","22":"product-type-variable"},"acf":[],"_links":{"self":[{"href":"https:\/\/gajos.sk\/eshop\/wp-json\/wp\/v2\/product\/333307","targetHints":{"allow":["GET"]}}],"collection":[{"href":"https:\/\/gajos.sk\/eshop\/wp-json\/wp\/v2\/product"}],"about":[{"href":"https:\/\/gajos.sk\/eshop\/wp-json\/wp\/v2\/types\/product"}],"wp:featuredmedia":[{"embeddable":true,"href":"https:\/\/gajos.sk\/eshop\/wp-json\/wp\/v2\/media\/333309"}],"wp:attachment":[{"href":"https:\/\/gajos.sk\/eshop\/wp-json\/wp\/v2\/media?parent=333307"}],"wp:term":[{"taxonomy":"product_brand","embeddable":true,"href":"https:\/\/gajos.sk\/eshop\/wp-json\/wp\/v2\/product_brand?post=333307"},{"taxonomy":"product_cat","embeddable":true,"href":"https:\/\/gajos.sk\/eshop\/wp-json\/wp\/v2\/product_cat?post=333307"},{"taxonomy":"product_tag","embeddable":true,"href":"https:\/\/gajos.sk\/eshop\/wp-json\/wp\/v2\/product_tag?post=333307"}],"curies":[{"name":"wp","href":"https:\/\/api.w.org\/{rel}","templated":true}]}}