{"id":333266,"date":"2024-03-01T19:13:44","date_gmt":"2024-03-01T18:13:44","guid":{"rendered":"https:\/\/gajostest.a2hosted.com\/eshop\/taruca-lady-ob-slapky\/"},"modified":"2026-05-07T21:16:45","modified_gmt":"2026-05-07T19:16:45","slug":"taruca-lady-ob-slapky","status":"publish","type":"product","link":"https:\/\/gajos.sk\/eshop\/p\/taruca-lady-ob-slapky\/","title":{"rendered":"TARUCA LADY OB \u0161\u013eapky"},"content":{"rendered":"","protected":false},"excerpt":{"rendered":"<p>D\u00e1mske \u0161\u013eapky z povrstvenej usne.<\/p>\n","protected":false},"featured_media":333268,"template":"","meta":{"_acf_changed":false,"inline_featured_image":false},"product_brand":[],"product_cat":[2142,2170],"product_tag":[1179],"class_list":{"0":"post-333266","1":"product","2":"type-product","3":"status-publish","4":"has-post-thumbnail","6":"product_cat-obuv","7":"product_cat-slapky","8":"product_tag-cerva","9":"pa_farba-biela","10":"pa_velkost-3125","11":"pa_velkost-3115","12":"pa_velkost-3116","13":"pa_velkost-3117","14":"pa_velkost-3118","15":"pa_velkost-3119","16":"pa_velkost-3120","18":"first","19":"instock","20":"taxable","21":"shipping-taxable","22":"purchasable","23":"product-type-variable"},"acf":[],"_links":{"self":[{"href":"https:\/\/gajos.sk\/eshop\/wp-json\/wp\/v2\/product\/333266","targetHints":{"allow":["GET"]}}],"collection":[{"href":"https:\/\/gajos.sk\/eshop\/wp-json\/wp\/v2\/product"}],"about":[{"href":"https:\/\/gajos.sk\/eshop\/wp-json\/wp\/v2\/types\/product"}],"wp:featuredmedia":[{"embeddable":true,"href":"https:\/\/gajos.sk\/eshop\/wp-json\/wp\/v2\/media\/333268"}],"wp:attachment":[{"href":"https:\/\/gajos.sk\/eshop\/wp-json\/wp\/v2\/media?parent=333266"}],"wp:term":[{"taxonomy":"product_brand","embeddable":true,"href":"https:\/\/gajos.sk\/eshop\/wp-json\/wp\/v2\/product_brand?post=333266"},{"taxonomy":"product_cat","embeddable":true,"href":"https:\/\/gajos.sk\/eshop\/wp-json\/wp\/v2\/product_cat?post=333266"},{"taxonomy":"product_tag","embeddable":true,"href":"https:\/\/gajos.sk\/eshop\/wp-json\/wp\/v2\/product_tag?post=333266"}],"curies":[{"name":"wp","href":"https:\/\/api.w.org\/{rel}","templated":true}]}}