{"id":333242,"date":"2024-03-01T19:13:39","date_gmt":"2024-03-01T18:13:39","guid":{"rendered":"https:\/\/gajostest.a2hosted.com\/eshop\/pudu-slapky\/"},"modified":"2026-04-25T21:20:56","modified_gmt":"2026-04-25T19:20:56","slug":"pudu-slapky","status":"publish","type":"product","link":"https:\/\/gajos.sk\/eshop\/p\/pudu-slapky\/","title":{"rendered":"PUDU \u0161\u013eapky"},"content":{"rendered":"","protected":false},"excerpt":{"rendered":"<p>Korkov\u00e9 \u0161\u013eapky s podo\u0161vou z penovej gumy a ko\u017een\u00fdm zvr\u0161kom.<\/p>\n","protected":false},"featured_media":333244,"template":"","meta":{"_acf_changed":false,"inline_featured_image":false},"product_brand":[],"product_cat":[2142,2170],"product_tag":[1244],"class_list":{"0":"post-333242","1":"product","2":"type-product","3":"status-publish","4":"has-post-thumbnail","6":"product_cat-obuv","7":"product_cat-slapky","8":"product_tag-crv","9":"pa_farba-cierna","10":"pa_farba-biela","11":"pa_velkost-3113","12":"pa_velkost-3114","13":"pa_velkost-3115","14":"pa_velkost-3116","15":"pa_velkost-3117","16":"pa_velkost-3118","17":"pa_velkost-3119","18":"pa_velkost-3120","19":"pa_velkost-3110","20":"pa_velkost-3111","21":"pa_velkost-3112","23":"first","24":"instock","25":"taxable","26":"shipping-taxable","27":"purchasable","28":"product-type-variable"},"acf":[],"_links":{"self":[{"href":"https:\/\/gajos.sk\/eshop\/wp-json\/wp\/v2\/product\/333242","targetHints":{"allow":["GET"]}}],"collection":[{"href":"https:\/\/gajos.sk\/eshop\/wp-json\/wp\/v2\/product"}],"about":[{"href":"https:\/\/gajos.sk\/eshop\/wp-json\/wp\/v2\/types\/product"}],"wp:featuredmedia":[{"embeddable":true,"href":"https:\/\/gajos.sk\/eshop\/wp-json\/wp\/v2\/media\/333244"}],"wp:attachment":[{"href":"https:\/\/gajos.sk\/eshop\/wp-json\/wp\/v2\/media?parent=333242"}],"wp:term":[{"taxonomy":"product_brand","embeddable":true,"href":"https:\/\/gajos.sk\/eshop\/wp-json\/wp\/v2\/product_brand?post=333242"},{"taxonomy":"product_cat","embeddable":true,"href":"https:\/\/gajos.sk\/eshop\/wp-json\/wp\/v2\/product_cat?post=333242"},{"taxonomy":"product_tag","embeddable":true,"href":"https:\/\/gajos.sk\/eshop\/wp-json\/wp\/v2\/product_tag?post=333242"}],"curies":[{"name":"wp","href":"https:\/\/api.w.org\/{rel}","templated":true}]}}