{"id":333233,"date":"2024-03-01T19:13:35","date_gmt":"2024-03-01T18:13:35","guid":{"rendered":"https:\/\/gajostest.a2hosted.com\/eshop\/birba-slapky\/"},"modified":"2026-05-07T21:16:45","modified_gmt":"2026-05-07T19:16:45","slug":"birba-slapky","status":"publish","type":"product","link":"https:\/\/gajos.sk\/eshop\/p\/birba-slapky\/","title":{"rendered":"BIRBA \u0161\u013eapky"},"content":{"rendered":"","protected":false},"excerpt":{"rendered":"<p>Galo\u0161e z PVC.<\/p>\n","protected":false},"featured_media":333235,"template":"","meta":{"_acf_changed":false,"inline_featured_image":false},"product_brand":[],"product_cat":[2142,2170],"product_tag":[1484],"class_list":{"0":"post-333233","1":"product","2":"type-product","3":"status-publish","4":"has-post-thumbnail","6":"product_cat-obuv","7":"product_cat-slapky","8":"product_tag-boots","9":"pa_farba-olivova","10":"pa_velkost-39-40","11":"pa_velkost-37-38","12":"pa_velkost-35-36","13":"pa_velkost-47-48","14":"pa_velkost-45-46","15":"pa_velkost-43-44","16":"pa_velkost-41-42","18":"first","19":"instock","20":"taxable","21":"shipping-taxable","22":"purchasable","23":"product-type-variable"},"acf":[],"_links":{"self":[{"href":"https:\/\/gajos.sk\/eshop\/wp-json\/wp\/v2\/product\/333233","targetHints":{"allow":["GET"]}}],"collection":[{"href":"https:\/\/gajos.sk\/eshop\/wp-json\/wp\/v2\/product"}],"about":[{"href":"https:\/\/gajos.sk\/eshop\/wp-json\/wp\/v2\/types\/product"}],"wp:featuredmedia":[{"embeddable":true,"href":"https:\/\/gajos.sk\/eshop\/wp-json\/wp\/v2\/media\/333235"}],"wp:attachment":[{"href":"https:\/\/gajos.sk\/eshop\/wp-json\/wp\/v2\/media?parent=333233"}],"wp:term":[{"taxonomy":"product_brand","embeddable":true,"href":"https:\/\/gajos.sk\/eshop\/wp-json\/wp\/v2\/product_brand?post=333233"},{"taxonomy":"product_cat","embeddable":true,"href":"https:\/\/gajos.sk\/eshop\/wp-json\/wp\/v2\/product_cat?post=333233"},{"taxonomy":"product_tag","embeddable":true,"href":"https:\/\/gajos.sk\/eshop\/wp-json\/wp\/v2\/product_tag?post=333233"}],"curies":[{"name":"wp","href":"https:\/\/api.w.org\/{rel}","templated":true}]}}