{"id":333192,"date":"2024-03-01T19:13:23","date_gmt":"2024-03-01T18:13:23","guid":{"rendered":"https:\/\/gajostest.a2hosted.com\/eshop\/raven-xt-s3-src-holen-obuv\/"},"modified":"2026-05-07T21:16:45","modified_gmt":"2026-05-07T19:16:45","slug":"raven-xt-s3-src-holen-obuv","status":"publish","type":"product","link":"https:\/\/gajos.sk\/eshop\/p\/raven-xt-s3-src-holen-obuv\/","title":{"rendered":"RAVEN XT S3 SRC hole\u0148.obuv"},"content":{"rendered":"","protected":false},"excerpt":{"rendered":"<p>Bezpe\u010dnostn\u00e1 vysok\u00e1 naz\u00favacia obuv s kovovou tu\u017einkou a stielkou odolnou proti propichnutiu. Podo\u0161va z dvojhustotn\u00e9ho PU s mas\u00edvnou ochranou vo\u010di okopaniu. Zvr\u0161ok z vodeodolnej ko\u017ee.<\/p>\n","protected":false},"featured_media":333194,"template":"","meta":{"_acf_changed":false,"inline_featured_image":false},"product_brand":[],"product_cat":[2267,2142],"product_tag":[1179],"class_list":{"0":"post-333192","1":"product","2":"type-product","3":"status-publish","4":"has-post-thumbnail","6":"product_cat-holenova-obuv","7":"product_cat-obuv","8":"product_tag-cerva","9":"pa_farba-cierna","10":"pa_velkost-3115","11":"pa_velkost-3116","12":"pa_velkost-3117","13":"pa_velkost-3118","14":"pa_velkost-3121","15":"pa_velkost-3109","16":"pa_velkost-3123","17":"pa_velkost-3110","18":"pa_velkost-3124","19":"pa_velkost-3111","20":"pa_velkost-3112","21":"pa_velkost-3113","22":"pa_velkost-3114","24":"first","25":"instock","26":"taxable","27":"shipping-taxable","28":"purchasable","29":"product-type-variable"},"acf":[],"_links":{"self":[{"href":"https:\/\/gajos.sk\/eshop\/wp-json\/wp\/v2\/product\/333192","targetHints":{"allow":["GET"]}}],"collection":[{"href":"https:\/\/gajos.sk\/eshop\/wp-json\/wp\/v2\/product"}],"about":[{"href":"https:\/\/gajos.sk\/eshop\/wp-json\/wp\/v2\/types\/product"}],"wp:featuredmedia":[{"embeddable":true,"href":"https:\/\/gajos.sk\/eshop\/wp-json\/wp\/v2\/media\/333194"}],"wp:attachment":[{"href":"https:\/\/gajos.sk\/eshop\/wp-json\/wp\/v2\/media?parent=333192"}],"wp:term":[{"taxonomy":"product_brand","embeddable":true,"href":"https:\/\/gajos.sk\/eshop\/wp-json\/wp\/v2\/product_brand?post=333192"},{"taxonomy":"product_cat","embeddable":true,"href":"https:\/\/gajos.sk\/eshop\/wp-json\/wp\/v2\/product_cat?post=333192"},{"taxonomy":"product_tag","embeddable":true,"href":"https:\/\/gajos.sk\/eshop\/wp-json\/wp\/v2\/product_tag?post=333192"}],"curies":[{"name":"wp","href":"https:\/\/api.w.org\/{rel}","templated":true}]}}