{"id":333139,"date":"2024-03-01T19:13:08","date_gmt":"2024-03-01T18:13:08","guid":{"rendered":"https:\/\/gajostest.a2hosted.com\/eshop\/giancarlo-zateplene-cizmy\/"},"modified":"2026-05-07T21:16:45","modified_gmt":"2026-05-07T19:16:45","slug":"giancarlo-zateplene-cizmy","status":"publish","type":"product","link":"https:\/\/gajos.sk\/eshop\/p\/giancarlo-zateplene-cizmy\/","title":{"rendered":"GIANCARLO zateplen\u00e9 \u010di\u017emy"},"content":{"rendered":"","protected":false},"excerpt":{"rendered":"<p>Vysok\u00e9 zateplen\u00e9 \u010di\u017emy z modern\u00e9ho materi\u00e1lu EVA. Ve\u013emi \u013eahk\u00e9.<\/p>\n","protected":false},"featured_media":333141,"template":"","meta":{"_acf_changed":false,"inline_featured_image":false},"product_brand":[],"product_cat":[2142,2159],"product_tag":[1179],"class_list":{"0":"post-333139","1":"product","2":"type-product","3":"status-publish","4":"has-post-thumbnail","6":"product_cat-obuv","7":"product_cat-obuv-do-dazda-vysoka","8":"product_tag-cerva","9":"pa_farba-zelena","10":"pa_velkost-3111","11":"pa_velkost-3112","12":"pa_velkost-3113","13":"pa_velkost-3114","14":"pa_velkost-3115","15":"pa_velkost-3116","16":"pa_velkost-3117","17":"pa_velkost-3121","18":"pa_velkost-3123","19":"pa_velkost-3109","20":"pa_velkost-3124","21":"pa_velkost-3110","23":"first","24":"instock","25":"taxable","26":"shipping-taxable","27":"purchasable","28":"product-type-variable"},"acf":[],"_links":{"self":[{"href":"https:\/\/gajos.sk\/eshop\/wp-json\/wp\/v2\/product\/333139","targetHints":{"allow":["GET"]}}],"collection":[{"href":"https:\/\/gajos.sk\/eshop\/wp-json\/wp\/v2\/product"}],"about":[{"href":"https:\/\/gajos.sk\/eshop\/wp-json\/wp\/v2\/types\/product"}],"wp:featuredmedia":[{"embeddable":true,"href":"https:\/\/gajos.sk\/eshop\/wp-json\/wp\/v2\/media\/333141"}],"wp:attachment":[{"href":"https:\/\/gajos.sk\/eshop\/wp-json\/wp\/v2\/media?parent=333139"}],"wp:term":[{"taxonomy":"product_brand","embeddable":true,"href":"https:\/\/gajos.sk\/eshop\/wp-json\/wp\/v2\/product_brand?post=333139"},{"taxonomy":"product_cat","embeddable":true,"href":"https:\/\/gajos.sk\/eshop\/wp-json\/wp\/v2\/product_cat?post=333139"},{"taxonomy":"product_tag","embeddable":true,"href":"https:\/\/gajos.sk\/eshop\/wp-json\/wp\/v2\/product_tag?post=333139"}],"curies":[{"name":"wp","href":"https:\/\/api.w.org\/{rel}","templated":true}]}}