{"id":333046,"date":"2024-03-01T19:11:29","date_gmt":"2024-03-01T18:11:29","guid":{"rendered":"https:\/\/gajostest.a2hosted.com\/eshop\/bc-safety-s5-sra-cizmy\/"},"modified":"2026-05-07T21:16:45","modified_gmt":"2026-05-07T19:16:45","slug":"bc-safety-s5-sra-cizmy","status":"publish","type":"product","link":"https:\/\/gajos.sk\/eshop\/p\/bc-safety-s5-sra-cizmy\/","title":{"rendered":"BC SAFETY S5 SRA \u010di\u017emy"},"content":{"rendered":"","protected":false},"excerpt":{"rendered":"<p>Antistatick\u00e9 bezpe\u010dnostn\u00e9 \u010di\u017emy z PVC s oce\u013eovou bezpe\u010dnostnou \u0161picou a stielkou odolnou vo\u010di prepichnutiu. Ur\u010den\u00e9 na ochranu pred vodou, ne\u010distotou, stla\u010den\u00edm a vo\u010di prepichnutiu. Podo\u0161va rezistentn\u00e1 vo\u010di olejom, pohonn\u00fdm l\u00e1tkam a tukom. Vyhovuj\u00fa v\u0161etk\u00fdm po\u017eiadavk\u00e1m na bezpe\u010dnostn\u00fa pracovn\u00fa obuv na stavb\u00e1ch, v po\u013enohospod\u00e1rstve a v\u00fdrobn\u00fdch prev\u00e1dzkach.<\/p>\n","protected":false},"featured_media":333048,"template":"","meta":{"_acf_changed":false,"inline_featured_image":false},"product_brand":[],"product_cat":[2142,2159],"product_tag":[1179],"class_list":{"0":"post-333046","1":"product","2":"type-product","3":"status-publish","4":"has-post-thumbnail","6":"product_cat-obuv","7":"product_cat-obuv-do-dazda-vysoka","8":"product_tag-cerva","9":"pa_farba-zelena","10":"pa_farba-zlta","11":"pa_farba-cierna","12":"pa_velkost-3109","13":"pa_velkost-3110","14":"pa_velkost-3111","15":"pa_velkost-3112","16":"pa_velkost-3113","17":"pa_velkost-3114","18":"pa_velkost-3115","19":"pa_velkost-3116","20":"pa_velkost-3117","21":"pa_velkost-3121","23":"first","24":"instock","25":"taxable","26":"shipping-taxable","27":"purchasable","28":"product-type-variable"},"acf":[],"_links":{"self":[{"href":"https:\/\/gajos.sk\/eshop\/wp-json\/wp\/v2\/product\/333046","targetHints":{"allow":["GET"]}}],"collection":[{"href":"https:\/\/gajos.sk\/eshop\/wp-json\/wp\/v2\/product"}],"about":[{"href":"https:\/\/gajos.sk\/eshop\/wp-json\/wp\/v2\/types\/product"}],"wp:featuredmedia":[{"embeddable":true,"href":"https:\/\/gajos.sk\/eshop\/wp-json\/wp\/v2\/media\/333048"}],"wp:attachment":[{"href":"https:\/\/gajos.sk\/eshop\/wp-json\/wp\/v2\/media?parent=333046"}],"wp:term":[{"taxonomy":"product_brand","embeddable":true,"href":"https:\/\/gajos.sk\/eshop\/wp-json\/wp\/v2\/product_brand?post=333046"},{"taxonomy":"product_cat","embeddable":true,"href":"https:\/\/gajos.sk\/eshop\/wp-json\/wp\/v2\/product_cat?post=333046"},{"taxonomy":"product_tag","embeddable":true,"href":"https:\/\/gajos.sk\/eshop\/wp-json\/wp\/v2\/product_tag?post=333046"}],"curies":[{"name":"wp","href":"https:\/\/api.w.org\/{rel}","templated":true}]}}