{"id":333022,"date":"2024-03-01T19:11:22","date_gmt":"2024-03-01T18:11:22","guid":{"rendered":"https:\/\/gajostest.a2hosted.com\/eshop\/glenroe-700a-prsacky\/"},"modified":"2026-05-07T21:16:45","modified_gmt":"2026-05-07T19:16:45","slug":"glenroe-700a-prsacky","status":"publish","type":"product","link":"https:\/\/gajos.sk\/eshop\/p\/glenroe-700a-prsacky\/","title":{"rendered":"GLENROE 700A prsa\u010dky"},"content":{"rendered":"","protected":false},"excerpt":{"rendered":"<p>Prsa\u010dky s\u00a0prackami na\u00a0trakoch s\u00a0vn\u00fatorn\u00fdm vreckom a\u00a0elastick\u00fdm s\u0165ahovac\u00edm p\u00e1som.<\/p>\n","protected":false},"featured_media":333024,"template":"","meta":{"_acf_changed":false,"inline_featured_image":false},"product_brand":[],"product_cat":[2142,2266],"product_tag":[1238],"class_list":{"0":"post-333022","1":"product","2":"type-product","3":"status-publish","4":"has-post-thumbnail","6":"product_cat-obuv","7":"product_cat-brodiace-nohavice","8":"product_tag-sioen","9":"pa_farba-olivova","10":"pa_velkost-3114","11":"pa_velkost-3115","12":"pa_velkost-3116","13":"pa_velkost-3117","14":"pa_velkost-3109","15":"pa_velkost-3110","16":"pa_velkost-3111","17":"pa_velkost-3112","18":"pa_velkost-3113","20":"first","21":"instock","22":"taxable","23":"shipping-taxable","24":"purchasable","25":"product-type-variable"},"acf":[],"_links":{"self":[{"href":"https:\/\/gajos.sk\/eshop\/wp-json\/wp\/v2\/product\/333022","targetHints":{"allow":["GET"]}}],"collection":[{"href":"https:\/\/gajos.sk\/eshop\/wp-json\/wp\/v2\/product"}],"about":[{"href":"https:\/\/gajos.sk\/eshop\/wp-json\/wp\/v2\/types\/product"}],"wp:featuredmedia":[{"embeddable":true,"href":"https:\/\/gajos.sk\/eshop\/wp-json\/wp\/v2\/media\/333024"}],"wp:attachment":[{"href":"https:\/\/gajos.sk\/eshop\/wp-json\/wp\/v2\/media?parent=333022"}],"wp:term":[{"taxonomy":"product_brand","embeddable":true,"href":"https:\/\/gajos.sk\/eshop\/wp-json\/wp\/v2\/product_brand?post=333022"},{"taxonomy":"product_cat","embeddable":true,"href":"https:\/\/gajos.sk\/eshop\/wp-json\/wp\/v2\/product_cat?post=333022"},{"taxonomy":"product_tag","embeddable":true,"href":"https:\/\/gajos.sk\/eshop\/wp-json\/wp\/v2\/product_tag?post=333022"}],"curies":[{"name":"wp","href":"https:\/\/api.w.org\/{rel}","templated":true}]}}