{"id":333011,"date":"2024-03-01T19:11:19","date_gmt":"2024-03-01T18:11:19","guid":{"rendered":"https:\/\/gajostest.a2hosted.com\/eshop\/falmore-702a-s5-prsacky\/"},"modified":"2026-05-07T21:16:45","modified_gmt":"2026-05-07T19:16:45","slug":"falmore-702a-s5-prsacky","status":"publish","type":"product","link":"https:\/\/gajos.sk\/eshop\/p\/falmore-702a-s5-prsacky\/","title":{"rendered":"FALMORE 702A S5 prsa\u010dky"},"content":{"rendered":"","protected":false},"excerpt":{"rendered":"<p>M\u00e4kk\u00fd kovov\u00fd nosn\u00edk.<\/p>\n","protected":false},"featured_media":333013,"template":"","meta":{"_acf_changed":false,"inline_featured_image":false},"product_brand":[],"product_cat":[2142,2266],"product_tag":[1238],"class_list":{"0":"post-333011","1":"product","2":"type-product","3":"status-publish","4":"has-post-thumbnail","6":"product_cat-obuv","7":"product_cat-brodiace-nohavice","8":"product_tag-sioen","9":"pa_farba-olivova","10":"pa_velkost-3114","11":"pa_velkost-3115","12":"pa_velkost-3116","13":"pa_velkost-3117","14":"pa_velkost-3109","15":"pa_velkost-3110","16":"pa_velkost-3111","17":"pa_velkost-3112","18":"pa_velkost-3113","20":"first","21":"instock","22":"taxable","23":"shipping-taxable","24":"purchasable","25":"product-type-variable"},"acf":[],"_links":{"self":[{"href":"https:\/\/gajos.sk\/eshop\/wp-json\/wp\/v2\/product\/333011","targetHints":{"allow":["GET"]}}],"collection":[{"href":"https:\/\/gajos.sk\/eshop\/wp-json\/wp\/v2\/product"}],"about":[{"href":"https:\/\/gajos.sk\/eshop\/wp-json\/wp\/v2\/types\/product"}],"wp:featuredmedia":[{"embeddable":true,"href":"https:\/\/gajos.sk\/eshop\/wp-json\/wp\/v2\/media\/333013"}],"wp:attachment":[{"href":"https:\/\/gajos.sk\/eshop\/wp-json\/wp\/v2\/media?parent=333011"}],"wp:term":[{"taxonomy":"product_brand","embeddable":true,"href":"https:\/\/gajos.sk\/eshop\/wp-json\/wp\/v2\/product_brand?post=333011"},{"taxonomy":"product_cat","embeddable":true,"href":"https:\/\/gajos.sk\/eshop\/wp-json\/wp\/v2\/product_cat?post=333011"},{"taxonomy":"product_tag","embeddable":true,"href":"https:\/\/gajos.sk\/eshop\/wp-json\/wp\/v2\/product_tag?post=333011"}],"curies":[{"name":"wp","href":"https:\/\/api.w.org\/{rel}","templated":true}]}}