{"id":332974,"date":"2024-03-01T19:11:08","date_gmt":"2024-03-01T18:11:08","guid":{"rendered":"https:\/\/gajostest.a2hosted.com\/eshop\/steplite-easygrip-pu-s5-ci-src-cizmy\/"},"modified":"2026-05-07T21:16:45","modified_gmt":"2026-05-07T19:16:45","slug":"steplite-easygrip-pu-s5-ci-src-cizmy","status":"publish","type":"product","link":"https:\/\/gajos.sk\/eshop\/p\/steplite-easygrip-pu-s5-ci-src-cizmy\/","title":{"rendered":"STEPLITE EasyGrip PU S5 CI SRC \u010di\u017emy"},"content":{"rendered":"","protected":false},"excerpt":{"rendered":"<p>Kvalitn\u00e9 zateplen\u00e9 vysok\u00e9 bezpe\u010dnostn\u00e9 antistatick\u00e9 \u010di\u017emy z PU s oce\u013eovou bezpe\u010dnostnou \u0161picou a stielkou odolnou vo\u010di prepichnutiu. Podr\u00e1\u017eka rezistentn\u00e1 vo\u010di olejom, pohonn\u00fdm hmot\u00e1m a tukom. Obuv vynik\u00e1 n\u00edzkou hmotnos\u0165ou, ohybnos\u0165ou a trvanlivos\u0165ou polyuret\u00e1nov\u00e9ho zvr\u0161ku.<\/p>\n","protected":false},"featured_media":332976,"template":"","meta":{"_acf_changed":false,"inline_featured_image":false},"product_brand":[],"product_cat":[2142,2159],"product_tag":[1512],"class_list":{"0":"post-332974","1":"product","2":"type-product","3":"status-publish","4":"has-post-thumbnail","6":"product_cat-obuv","7":"product_cat-obuv-do-dazda-vysoka","8":"product_tag-bekina","9":"pa_farba-cierna","10":"pa_velkost-3121","11":"pa_velkost-3111","12":"pa_velkost-3112","13":"pa_velkost-3113","14":"pa_velkost-3114","15":"pa_velkost-3115","16":"pa_velkost-3116","17":"pa_velkost-3117","18":"pa_velkost-3118","19":"pa_velkost-3119","20":"pa_velkost-3109","21":"pa_velkost-3120","22":"pa_velkost-3110","24":"first","25":"instock","26":"taxable","27":"shipping-taxable","28":"purchasable","29":"product-type-variable"},"acf":[],"_links":{"self":[{"href":"https:\/\/gajos.sk\/eshop\/wp-json\/wp\/v2\/product\/332974","targetHints":{"allow":["GET"]}}],"collection":[{"href":"https:\/\/gajos.sk\/eshop\/wp-json\/wp\/v2\/product"}],"about":[{"href":"https:\/\/gajos.sk\/eshop\/wp-json\/wp\/v2\/types\/product"}],"wp:featuredmedia":[{"embeddable":true,"href":"https:\/\/gajos.sk\/eshop\/wp-json\/wp\/v2\/media\/332976"}],"wp:attachment":[{"href":"https:\/\/gajos.sk\/eshop\/wp-json\/wp\/v2\/media?parent=332974"}],"wp:term":[{"taxonomy":"product_brand","embeddable":true,"href":"https:\/\/gajos.sk\/eshop\/wp-json\/wp\/v2\/product_brand?post=332974"},{"taxonomy":"product_cat","embeddable":true,"href":"https:\/\/gajos.sk\/eshop\/wp-json\/wp\/v2\/product_cat?post=332974"},{"taxonomy":"product_tag","embeddable":true,"href":"https:\/\/gajos.sk\/eshop\/wp-json\/wp\/v2\/product_tag?post=332974"}],"curies":[{"name":"wp","href":"https:\/\/api.w.org\/{rel}","templated":true}]}}