{"id":332932,"date":"2024-03-01T19:09:50","date_gmt":"2024-03-01T18:09:50","guid":{"rendered":"https:\/\/gajostest.a2hosted.com\/eshop\/bc-food-o4-fo-src-cizmy\/"},"modified":"2026-05-07T21:16:45","modified_gmt":"2026-05-07T19:16:45","slug":"bc-food-o4-fo-src-cizmy","status":"publish","type":"product","link":"https:\/\/gajos.sk\/eshop\/p\/bc-food-o4-fo-src-cizmy\/","title":{"rendered":"BC FOOD O4 FO SRC \u010di\u017emy"},"content":{"rendered":"","protected":false},"excerpt":{"rendered":"<p>Antistatick\u00e9 vysok\u00e9 \u010di\u017emy z PVC a nitrilu odoln\u00e9 vo\u010di p\u00f4sobeniu rastlinn\u00fdch a \u017eivo\u010d\u00ed\u0161nych tukov s podr\u00e1\u017ekou s hlbok\u00fdm dez\u00e9nom.  Norma: EN ISO 20347:2012<\/p>\n","protected":false},"featured_media":332934,"template":"","meta":{"_acf_changed":false,"inline_featured_image":false},"product_brand":[],"product_cat":[2142,2159],"product_tag":[1179],"class_list":{"0":"post-332932","1":"product","2":"type-product","3":"status-publish","4":"has-post-thumbnail","6":"product_cat-obuv","7":"product_cat-obuv-do-dazda-vysoka","8":"product_tag-cerva","9":"pa_farba-biela","10":"pa_velkost-3113","11":"pa_velkost-3114","12":"pa_velkost-3115","13":"pa_velkost-3116","14":"pa_velkost-3117","15":"pa_velkost-3118","16":"pa_velkost-3119","17":"pa_velkost-3109","18":"pa_velkost-3120","19":"pa_velkost-3110","20":"pa_velkost-3121","21":"pa_velkost-3111","22":"pa_velkost-3112","24":"first","25":"instock","26":"taxable","27":"shipping-taxable","28":"purchasable","29":"product-type-variable"},"acf":[],"_links":{"self":[{"href":"https:\/\/gajos.sk\/eshop\/wp-json\/wp\/v2\/product\/332932","targetHints":{"allow":["GET"]}}],"collection":[{"href":"https:\/\/gajos.sk\/eshop\/wp-json\/wp\/v2\/product"}],"about":[{"href":"https:\/\/gajos.sk\/eshop\/wp-json\/wp\/v2\/types\/product"}],"wp:featuredmedia":[{"embeddable":true,"href":"https:\/\/gajos.sk\/eshop\/wp-json\/wp\/v2\/media\/332934"}],"wp:attachment":[{"href":"https:\/\/gajos.sk\/eshop\/wp-json\/wp\/v2\/media?parent=332932"}],"wp:term":[{"taxonomy":"product_brand","embeddable":true,"href":"https:\/\/gajos.sk\/eshop\/wp-json\/wp\/v2\/product_brand?post=332932"},{"taxonomy":"product_cat","embeddable":true,"href":"https:\/\/gajos.sk\/eshop\/wp-json\/wp\/v2\/product_cat?post=332932"},{"taxonomy":"product_tag","embeddable":true,"href":"https:\/\/gajos.sk\/eshop\/wp-json\/wp\/v2\/product_tag?post=332932"}],"curies":[{"name":"wp","href":"https:\/\/api.w.org\/{rel}","templated":true}]}}