{"id":332906,"date":"2024-03-01T19:09:44","date_gmt":"2024-03-01T18:09:44","guid":{"rendered":"https:\/\/gajostest.a2hosted.com\/eshop\/eurofort-s4-src-cizmy\/"},"modified":"2026-05-07T21:16:45","modified_gmt":"2026-05-07T19:16:45","slug":"eurofort-s4-src-cizmy","status":"publish","type":"product","link":"https:\/\/gajos.sk\/eshop\/p\/eurofort-s4-src-cizmy\/","title":{"rendered":"EUROFORT S4 SRC \u010di\u017emy"},"content":{"rendered":"","protected":false},"excerpt":{"rendered":"<p>Antistatick\u00e9 vysok\u00e9 bezpe\u010dnostn\u00e9 \u010di\u017emy z PVC a nitrilu s oce\u013eovou bezpe\u010dnostnou \u0161picou, odoln\u00e9 vo\u010di p\u00f4sobeniu rastlinn\u00fdch a \u017eivo\u010d\u00ed\u0161nych tukov s podr\u00e1\u017ekou s hlbok\u00fdm dez\u00e9nom. Flexibiln\u00e9 a\u017e do teploty -20\u00b0C. Norma: EN ISO 20345:2011 S4<\/p>\n","protected":false},"featured_media":332908,"template":"","meta":{"_acf_changed":false,"inline_featured_image":false},"product_brand":[],"product_cat":[2142,2159],"product_tag":[1179],"class_list":{"0":"post-332906","1":"product","2":"type-product","3":"status-publish","4":"has-post-thumbnail","6":"product_cat-obuv","7":"product_cat-obuv-do-dazda-vysoka","8":"product_tag-cerva","9":"pa_farba-biela","10":"pa_velkost-3110","11":"pa_velkost-3111","12":"pa_velkost-3112","13":"pa_velkost-3113","14":"pa_velkost-3114","15":"pa_velkost-3115","16":"pa_velkost-3116","17":"pa_velkost-3117","18":"pa_velkost-3118","19":"pa_velkost-3119","20":"pa_velkost-3109","21":"pa_velkost-3121","23":"first","24":"instock","25":"taxable","26":"shipping-taxable","27":"purchasable","28":"product-type-variable"},"acf":[],"_links":{"self":[{"href":"https:\/\/gajos.sk\/eshop\/wp-json\/wp\/v2\/product\/332906","targetHints":{"allow":["GET"]}}],"collection":[{"href":"https:\/\/gajos.sk\/eshop\/wp-json\/wp\/v2\/product"}],"about":[{"href":"https:\/\/gajos.sk\/eshop\/wp-json\/wp\/v2\/types\/product"}],"wp:featuredmedia":[{"embeddable":true,"href":"https:\/\/gajos.sk\/eshop\/wp-json\/wp\/v2\/media\/332908"}],"wp:attachment":[{"href":"https:\/\/gajos.sk\/eshop\/wp-json\/wp\/v2\/media?parent=332906"}],"wp:term":[{"taxonomy":"product_brand","embeddable":true,"href":"https:\/\/gajos.sk\/eshop\/wp-json\/wp\/v2\/product_brand?post=332906"},{"taxonomy":"product_cat","embeddable":true,"href":"https:\/\/gajos.sk\/eshop\/wp-json\/wp\/v2\/product_cat?post=332906"},{"taxonomy":"product_tag","embeddable":true,"href":"https:\/\/gajos.sk\/eshop\/wp-json\/wp\/v2\/product_tag?post=332906"}],"curies":[{"name":"wp","href":"https:\/\/api.w.org\/{rel}","templated":true}]}}