{"id":332881,"date":"2024-03-01T19:09:36","date_gmt":"2024-03-01T18:09:36","guid":{"rendered":"https:\/\/gajostest.a2hosted.com\/eshop\/gumofilc-6250-ob-fo-ci-src-cizmy\/"},"modified":"2026-05-07T21:16:45","modified_gmt":"2026-05-07T19:16:45","slug":"gumofilc-6250-ob-fo-ci-src-cizmy","status":"publish","type":"product","link":"https:\/\/gajos.sk\/eshop\/p\/gumofilc-6250-ob-fo-ci-src-cizmy\/","title":{"rendered":"GUMOFILC 6250 OB FO CI SRC \u010di\u017emy"},"content":{"rendered":"","protected":false},"excerpt":{"rendered":"<p>Pracovn\u00e1 obuv zateplen\u00e1 polyesterov\u00fdm filcom s proti\u0161mykovou gumovou podr\u00e1\u017ekou, zvr\u0161kom z gumy a polyesterov\u00e9ho filcu.<\/p>\n","protected":false},"featured_media":332883,"template":"","meta":{"_acf_changed":false,"inline_featured_image":false},"product_brand":[],"product_cat":[2142,2159],"product_tag":[1179],"class_list":{"0":"post-332881","1":"product","2":"type-product","3":"status-publish","4":"has-post-thumbnail","6":"product_cat-obuv","7":"product_cat-obuv-do-dazda-vysoka","8":"product_tag-cerva","9":"pa_farba-cierna","10":"pa_velkost-3117","11":"pa_velkost-3109","12":"pa_velkost-3110","13":"pa_velkost-3111","14":"pa_velkost-3112","15":"pa_velkost-3113","16":"pa_velkost-3114","17":"pa_velkost-3115","19":"first","20":"instock","21":"taxable","22":"shipping-taxable","23":"purchasable","24":"product-type-variable"},"acf":[],"_links":{"self":[{"href":"https:\/\/gajos.sk\/eshop\/wp-json\/wp\/v2\/product\/332881","targetHints":{"allow":["GET"]}}],"collection":[{"href":"https:\/\/gajos.sk\/eshop\/wp-json\/wp\/v2\/product"}],"about":[{"href":"https:\/\/gajos.sk\/eshop\/wp-json\/wp\/v2\/types\/product"}],"wp:featuredmedia":[{"embeddable":true,"href":"https:\/\/gajos.sk\/eshop\/wp-json\/wp\/v2\/media\/332883"}],"wp:attachment":[{"href":"https:\/\/gajos.sk\/eshop\/wp-json\/wp\/v2\/media?parent=332881"}],"wp:term":[{"taxonomy":"product_brand","embeddable":true,"href":"https:\/\/gajos.sk\/eshop\/wp-json\/wp\/v2\/product_brand?post=332881"},{"taxonomy":"product_cat","embeddable":true,"href":"https:\/\/gajos.sk\/eshop\/wp-json\/wp\/v2\/product_cat?post=332881"},{"taxonomy":"product_tag","embeddable":true,"href":"https:\/\/gajos.sk\/eshop\/wp-json\/wp\/v2\/product_tag?post=332881"}],"curies":[{"name":"wp","href":"https:\/\/api.w.org\/{rel}","templated":true}]}}