{"id":332827,"date":"2024-03-01T19:09:11","date_gmt":"2024-03-01T18:09:11","guid":{"rendered":"https:\/\/gajostest.a2hosted.com\/eshop\/tronchetto-ob-sra-cizmy\/"},"modified":"2026-05-07T21:16:45","modified_gmt":"2026-05-07T19:16:45","slug":"tronchetto-ob-sra-cizmy","status":"publish","type":"product","link":"https:\/\/gajos.sk\/eshop\/p\/tronchetto-ob-sra-cizmy\/","title":{"rendered":"TRONCHETTO OB SRA \u010di\u017emy"},"content":{"rendered":"","protected":false},"excerpt":{"rendered":"<p>N\u00edzke \u010di\u017emy z\u00a0PVC a\u00a0nitrilu odoln\u00e9 vo\u010di p\u00f4sobeniu rastlinn\u00fdch a\u00a0\u017eivo\u010d\u00ed\u0161nych tukov s\u00a0podr\u00e1\u017ekou s\u00a0hlbok\u00fdm dez\u00e9nom. V\u00fd\u0161ka: 28\u2009cm.<\/p>\n","protected":false},"featured_media":332829,"template":"","meta":{"_acf_changed":false,"inline_featured_image":false},"product_brand":[],"product_cat":[2142,2265],"product_tag":[1179],"class_list":{"0":"post-332827","1":"product","2":"type-product","3":"status-publish","4":"has-post-thumbnail","6":"product_cat-obuv","7":"product_cat-obuv-do-dazda-nizka","8":"product_tag-cerva","9":"pa_farba-olivova","10":"pa_farba-cierna","11":"pa_velkost-3111","12":"pa_velkost-3112","13":"pa_velkost-3113","14":"pa_velkost-3114","15":"pa_velkost-3115","16":"pa_velkost-3116","17":"pa_velkost-3117","18":"pa_velkost-3118","19":"pa_velkost-3119","20":"pa_velkost-3109","21":"pa_velkost-3120","22":"pa_velkost-3110","24":"first","25":"instock","26":"taxable","27":"shipping-taxable","28":"purchasable","29":"product-type-variable"},"acf":[],"_links":{"self":[{"href":"https:\/\/gajos.sk\/eshop\/wp-json\/wp\/v2\/product\/332827","targetHints":{"allow":["GET"]}}],"collection":[{"href":"https:\/\/gajos.sk\/eshop\/wp-json\/wp\/v2\/product"}],"about":[{"href":"https:\/\/gajos.sk\/eshop\/wp-json\/wp\/v2\/types\/product"}],"wp:featuredmedia":[{"embeddable":true,"href":"https:\/\/gajos.sk\/eshop\/wp-json\/wp\/v2\/media\/332829"}],"wp:attachment":[{"href":"https:\/\/gajos.sk\/eshop\/wp-json\/wp\/v2\/media?parent=332827"}],"wp:term":[{"taxonomy":"product_brand","embeddable":true,"href":"https:\/\/gajos.sk\/eshop\/wp-json\/wp\/v2\/product_brand?post=332827"},{"taxonomy":"product_cat","embeddable":true,"href":"https:\/\/gajos.sk\/eshop\/wp-json\/wp\/v2\/product_cat?post=332827"},{"taxonomy":"product_tag","embeddable":true,"href":"https:\/\/gajos.sk\/eshop\/wp-json\/wp\/v2\/product_tag?post=332827"}],"curies":[{"name":"wp","href":"https:\/\/api.w.org\/{rel}","templated":true}]}}