{"id":332725,"date":"2024-03-01T19:07:35","date_gmt":"2024-03-01T18:07:35","guid":{"rendered":"https:\/\/gajostest.a2hosted.com\/eshop\/lindlau-mf-esd-s1ps-sr-sandale\/"},"modified":"2026-05-07T21:16:45","modified_gmt":"2026-05-07T19:16:45","slug":"lindlau-mf-esd-s1ps-sr-sandale","status":"publish","type":"product","link":"https:\/\/gajos.sk\/eshop\/p\/lindlau-mf-esd-s1ps-sr-sandale\/","title":{"rendered":"LINDLAU MF ESD S1PS SR sand\u00e1le"},"content":{"rendered":"","protected":false},"excerpt":{"rendered":"<p>Bezpe\u010dnostn\u00fd sand\u00e1l s tu\u017einkou zo sklenen\u00fdch vl\u00e1kien a kompozitnou stielkou proti prepichu triedy &#8222;S&#8220;. Dvojhustotn\u00e1 podo\u0161va z polyuret\u00e1nu zais\u0165uje vysok\u00fa mieru komfortu a z\u00e1rove\u0148 odolnosti. Zvr\u0161ok je vyroben\u00fd z inovat\u00edvneho materi\u00e1lu PUTEK, z trendu posledn\u00fdch rokov, ktor\u00fd sa vyzna\u010duje e\u0161te lep\u0161ou priedu\u0161nos\u0165ou, ne\u017e ko\u017ea, a z\u00e1rove\u0148 je ve\u013emi odoln\u00fd proti oteru a opotrebovaniu. V\u010faka materi\u00e1lu zvr\u0161ku a kompozitn\u00fdm bezpe\u010dnostn\u00fdm prvkom je LINDLAU S1PS skvelou vo\u013ebou pre v\u0161etk\u00fdch, ktor\u00ed h\u013eadaj\u00fa pohodln\u00fa, priedu\u0161n\u00fa a odoln\u00fa ochranu n\u00f4h. Tento sand\u00e1l je vhodn\u00fd predov\u0161etk\u00fdm pre &#8222;indoorov\u00e9&#8220; pr\u00e1ce, a v\u010faka ESD vlastnosti aj do podnikov, vyr\u00e1baj\u00facich elektronick\u00e9 s\u00fa\u010diastky. Je v\u0161ak ve\u013emi dobre vyu\u017eite\u013en\u00fd aj po\u010das letn\u00fdch mesiacov na vonkaj\u0161ie pr\u00e1ce.<\/p>\n","protected":false},"featured_media":332727,"template":"","meta":{"_acf_changed":false,"inline_featured_image":false},"product_brand":[],"product_cat":[2142,2143],"product_tag":[1179],"class_list":{"0":"post-332725","1":"product","2":"type-product","3":"status-publish","4":"has-post-thumbnail","6":"product_cat-obuv","7":"product_cat-sandale","8":"product_tag-cerva","9":"pa_farba-antracit","10":"pa_velkost-3112","11":"pa_velkost-3113","12":"pa_velkost-3114","13":"pa_velkost-3115","14":"pa_velkost-3116","15":"pa_velkost-3117","16":"pa_velkost-3118","17":"pa_velkost-3119","18":"pa_velkost-3109","19":"pa_velkost-3120","20":"pa_velkost-3110","21":"pa_velkost-3111","23":"first","24":"instock","25":"taxable","26":"shipping-taxable","27":"purchasable","28":"product-type-variable"},"acf":[],"_links":{"self":[{"href":"https:\/\/gajos.sk\/eshop\/wp-json\/wp\/v2\/product\/332725","targetHints":{"allow":["GET"]}}],"collection":[{"href":"https:\/\/gajos.sk\/eshop\/wp-json\/wp\/v2\/product"}],"about":[{"href":"https:\/\/gajos.sk\/eshop\/wp-json\/wp\/v2\/types\/product"}],"wp:featuredmedia":[{"embeddable":true,"href":"https:\/\/gajos.sk\/eshop\/wp-json\/wp\/v2\/media\/332727"}],"wp:attachment":[{"href":"https:\/\/gajos.sk\/eshop\/wp-json\/wp\/v2\/media?parent=332725"}],"wp:term":[{"taxonomy":"product_brand","embeddable":true,"href":"https:\/\/gajos.sk\/eshop\/wp-json\/wp\/v2\/product_brand?post=332725"},{"taxonomy":"product_cat","embeddable":true,"href":"https:\/\/gajos.sk\/eshop\/wp-json\/wp\/v2\/product_cat?post=332725"},{"taxonomy":"product_tag","embeddable":true,"href":"https:\/\/gajos.sk\/eshop\/wp-json\/wp\/v2\/product_tag?post=332725"}],"curies":[{"name":"wp","href":"https:\/\/api.w.org\/{rel}","templated":true}]}}