{"id":332710,"date":"2024-03-01T19:07:29","date_gmt":"2024-03-01T18:07:29","guid":{"rendered":"https:\/\/gajostest.a2hosted.com\/eshop\/regent-mf-s1p-sandale\/"},"modified":"2026-04-15T21:20:42","modified_gmt":"2026-04-15T19:20:42","slug":"regent-mf-s1p-sandale","status":"publish","type":"product","link":"https:\/\/gajos.sk\/eshop\/p\/regent-mf-s1p-sandale\/","title":{"rendered":"REGENT MF S1P sand\u00e1le"},"content":{"rendered":"","protected":false},"excerpt":{"rendered":"<p>Bezpe\u010dnostn\u00fd sand\u00e1l s kompozitnou tu\u017einkou a kevlarovou stielkou odolnou prepichnutiu. Podo\u0161va &#8211; PU\/TPU. SRC podo\u0161va odoln\u00e1 olejom. Zvr\u0161ok z vodeodolnej ko\u017ee. Tento artikel kompletuje mini kolekciu s artiklami Ritmo S3 a Regata S3<\/p>\n","protected":false},"featured_media":332712,"template":"","meta":{"_acf_changed":false,"inline_featured_image":false},"product_brand":[],"product_cat":[2142,2143],"product_tag":[2207],"class_list":{"0":"post-332710","1":"product","2":"type-product","3":"status-publish","4":"has-post-thumbnail","6":"product_cat-obuv","7":"product_cat-sandale","8":"product_tag-panda-safety","9":"pa_farba-cierna","10":"pa_velkost-3114","11":"pa_velkost-3115","12":"pa_velkost-3116","13":"pa_velkost-3117","14":"pa_velkost-3118","15":"pa_velkost-3119","16":"pa_velkost-3109","17":"pa_velkost-3120","18":"pa_velkost-3110","19":"pa_velkost-3121","20":"pa_velkost-3111","21":"pa_velkost-3112","22":"pa_velkost-3113","24":"first","25":"instock","26":"taxable","27":"shipping-taxable","28":"purchasable","29":"product-type-variable"},"acf":[],"_links":{"self":[{"href":"https:\/\/gajos.sk\/eshop\/wp-json\/wp\/v2\/product\/332710","targetHints":{"allow":["GET"]}}],"collection":[{"href":"https:\/\/gajos.sk\/eshop\/wp-json\/wp\/v2\/product"}],"about":[{"href":"https:\/\/gajos.sk\/eshop\/wp-json\/wp\/v2\/types\/product"}],"wp:featuredmedia":[{"embeddable":true,"href":"https:\/\/gajos.sk\/eshop\/wp-json\/wp\/v2\/media\/332712"}],"wp:attachment":[{"href":"https:\/\/gajos.sk\/eshop\/wp-json\/wp\/v2\/media?parent=332710"}],"wp:term":[{"taxonomy":"product_brand","embeddable":true,"href":"https:\/\/gajos.sk\/eshop\/wp-json\/wp\/v2\/product_brand?post=332710"},{"taxonomy":"product_cat","embeddable":true,"href":"https:\/\/gajos.sk\/eshop\/wp-json\/wp\/v2\/product_cat?post=332710"},{"taxonomy":"product_tag","embeddable":true,"href":"https:\/\/gajos.sk\/eshop\/wp-json\/wp\/v2\/product_tag?post=332710"}],"curies":[{"name":"wp","href":"https:\/\/api.w.org\/{rel}","templated":true}]}}