{"id":332649,"date":"2024-03-01T19:05:59","date_gmt":"2024-03-01T18:05:59","guid":{"rendered":"https:\/\/gajostest.a2hosted.com\/eshop\/nuovo-topolino-mf-s1-src-sandal\/"},"modified":"2026-04-15T21:20:42","modified_gmt":"2026-04-15T19:20:42","slug":"nuovo-topolino-mf-s1-src-sandal","status":"publish","type":"product","link":"https:\/\/gajos.sk\/eshop\/p\/nuovo-topolino-mf-s1-src-sandal\/","title":{"rendered":"NUOVO TOPOLINO MF S1 SRC sandal"},"content":{"rendered":"","protected":false},"excerpt":{"rendered":"<p>Bezpe\u010dnostn\u00e1 sand\u00e1la s kompozitnou tu\u017einkou, ktor\u00e1 chr\u00e1ni pred stla\u010den\u00edm silou do 15 kN alebo p\u00e1dom bremena s v\u00e1hou do 20kg z v\u00fd\u0161ky 1m. Antistatick\u00e1 podo\u0161va vyroben\u00e1 z dvojhustotn\u00e9ho polyuret\u00e1nu garantuje nielen komfort, ale aj bezpe\u010die v\u010faka proti\u0161mykov\u00fdm vlastnostiam podr\u00e1\u017eky, ktor\u00e1 je navy\u0161e rezistentn\u00e1 olejom a oderu. Zvr\u0161ok obuvi je vyroben\u00fd z pr\u00edrodnej ko\u017ee Barton a vn\u00fatorn\u00e1 pod\u0161\u00edvka z priedu\u0161n\u00e9ho materi\u00e1lu Airnet Mesh. Obuv neobsahuje kovov\u00e9 s\u00fa\u010dasti. Tento model patr\u00ed do kolekcie Strong NUOVO.<\/p>\n","protected":false},"featured_media":332651,"template":"","meta":{"_acf_changed":false,"inline_featured_image":false},"product_brand":[],"product_cat":[2142,2143],"product_tag":[2207],"class_list":{"0":"post-332649","1":"product","2":"type-product","3":"status-publish","4":"has-post-thumbnail","6":"product_cat-obuv","7":"product_cat-sandale","8":"product_tag-panda-safety","9":"pa_farba-cierna","10":"pa_velkost-3119","11":"pa_velkost-3109","12":"pa_velkost-3120","13":"pa_velkost-3110","14":"pa_velkost-3121","15":"pa_velkost-3111","16":"pa_velkost-3125","17":"pa_velkost-3112","18":"pa_velkost-3113","19":"pa_velkost-3114","20":"pa_velkost-3115","21":"pa_velkost-3116","22":"pa_velkost-3117","23":"pa_velkost-3118","25":"first","26":"instock","27":"taxable","28":"shipping-taxable","29":"purchasable","30":"product-type-variable"},"acf":[],"_links":{"self":[{"href":"https:\/\/gajos.sk\/eshop\/wp-json\/wp\/v2\/product\/332649","targetHints":{"allow":["GET"]}}],"collection":[{"href":"https:\/\/gajos.sk\/eshop\/wp-json\/wp\/v2\/product"}],"about":[{"href":"https:\/\/gajos.sk\/eshop\/wp-json\/wp\/v2\/types\/product"}],"wp:featuredmedia":[{"embeddable":true,"href":"https:\/\/gajos.sk\/eshop\/wp-json\/wp\/v2\/media\/332651"}],"wp:attachment":[{"href":"https:\/\/gajos.sk\/eshop\/wp-json\/wp\/v2\/media?parent=332649"}],"wp:term":[{"taxonomy":"product_brand","embeddable":true,"href":"https:\/\/gajos.sk\/eshop\/wp-json\/wp\/v2\/product_brand?post=332649"},{"taxonomy":"product_cat","embeddable":true,"href":"https:\/\/gajos.sk\/eshop\/wp-json\/wp\/v2\/product_cat?post=332649"},{"taxonomy":"product_tag","embeddable":true,"href":"https:\/\/gajos.sk\/eshop\/wp-json\/wp\/v2\/product_tag?post=332649"}],"curies":[{"name":"wp","href":"https:\/\/api.w.org\/{rel}","templated":true}]}}