{"id":332636,"date":"2024-03-01T19:05:56","date_gmt":"2024-03-01T18:05:56","guid":{"rendered":"https:\/\/gajostest.a2hosted.com\/eshop\/ultra-topolino-mf-s1p-src-sandal\/"},"modified":"2026-04-15T21:20:42","modified_gmt":"2026-04-15T19:20:42","slug":"ultra-topolino-mf-s1p-src-sandal","status":"publish","type":"product","link":"https:\/\/gajos.sk\/eshop\/p\/ultra-topolino-mf-s1p-src-sandal\/","title":{"rendered":"ULTRA TOPOLINO MF S1P SRC sandal"},"content":{"rendered":"","protected":false},"excerpt":{"rendered":"<p>Kolekcia STRONG ULTRA predstavuje svojim strihom a n\u00e1zvom ve\u013emi zn\u00e1me modely kateg\u00f3rie Strong, av\u0161ak vyroben\u00e9 z najlep\u0161\u00edch komponentov a materi\u00e1lov. Model ULTRA TOPOLINO je bezpe\u010dnostn\u00fd sand\u00e1l s kompozitnou tu\u017einkou v \u0161pici, ktor\u00e1 chr\u00e1ni pred stla\u010den\u00edm silou do 15 kN alebo p\u00e1dom bremena s v\u00e1hou do 20 kg z v\u00fd\u0161ky 1 m. Antistatick\u00e1 a \u013eahk\u00e1 podo\u0161va vyroben\u00e1 z dvojhustotn\u00e9ho polyuret\u00e1nu garantuje nielen komfort, ale aj vlastnostiam podr\u00e1\u017eky, ktor\u00e1 je navy\u0161e rezistentn\u00e1 olejom a oderu. Chodidl\u00e1 s\u00fa chr\u00e1nen\u00e9 aj zo spodu, a to v\u010faka kompozitnej stielke proti prepichu. Zvr\u0161ok obuvi je vyroben\u00fd z pr\u00edrodnej plnoliacej vode odpudivej ko\u017ee Ramon a vn\u00fatorn\u00e1 pod\u0161\u00edvka z priedu\u0161n\u00e9ho materi\u00e1lu Airnet mesh s technol\u00f3giou mikrokan\u00e1likov, ktor\u00e1 zais\u0165uje vysok\u00fa funk\u010dnos\u0165 v odv\u00e1dzan\u00ed potu. Obuv neobsahuje kovov\u00e9 s\u00fa\u010dasti. Model je v\u00fdroben\u00fd z certifikovan\u00fdch komponentov najvy\u0161\u0161ej kvality a 100% talianskym v\u00fdrobcom bezpe\u010dnostnej a pracovnej obuvi s viac ako 40 rokmi sk\u00fasenost\u00ed v obore.<\/p>\n","protected":false},"featured_media":332638,"template":"","meta":{"_acf_changed":false,"inline_featured_image":false},"product_brand":[],"product_cat":[2142,2143],"product_tag":[2207],"class_list":{"0":"post-332636","1":"product","2":"type-product","3":"status-publish","4":"has-post-thumbnail","6":"product_cat-obuv","7":"product_cat-sandale","8":"product_tag-panda-safety","9":"pa_farba-cierna","10":"pa_velkost-3111","11":"pa_velkost-3112","12":"pa_velkost-3113","13":"pa_velkost-3114","14":"pa_velkost-3115","15":"pa_velkost-3116","16":"pa_velkost-3117","17":"pa_velkost-3118","18":"pa_velkost-3121","19":"pa_velkost-3109","20":"pa_velkost-3110","22":"first","23":"instock","24":"taxable","25":"shipping-taxable","26":"purchasable","27":"product-type-variable"},"acf":[],"_links":{"self":[{"href":"https:\/\/gajos.sk\/eshop\/wp-json\/wp\/v2\/product\/332636","targetHints":{"allow":["GET"]}}],"collection":[{"href":"https:\/\/gajos.sk\/eshop\/wp-json\/wp\/v2\/product"}],"about":[{"href":"https:\/\/gajos.sk\/eshop\/wp-json\/wp\/v2\/types\/product"}],"wp:featuredmedia":[{"embeddable":true,"href":"https:\/\/gajos.sk\/eshop\/wp-json\/wp\/v2\/media\/332638"}],"wp:attachment":[{"href":"https:\/\/gajos.sk\/eshop\/wp-json\/wp\/v2\/media?parent=332636"}],"wp:term":[{"taxonomy":"product_brand","embeddable":true,"href":"https:\/\/gajos.sk\/eshop\/wp-json\/wp\/v2\/product_brand?post=332636"},{"taxonomy":"product_cat","embeddable":true,"href":"https:\/\/gajos.sk\/eshop\/wp-json\/wp\/v2\/product_cat?post=332636"},{"taxonomy":"product_tag","embeddable":true,"href":"https:\/\/gajos.sk\/eshop\/wp-json\/wp\/v2\/product_tag?post=332636"}],"curies":[{"name":"wp","href":"https:\/\/api.w.org\/{rel}","templated":true}]}}