{"id":332577,"date":"2024-03-01T19:05:39","date_gmt":"2024-03-01T18:05:39","guid":{"rendered":"https:\/\/gajostest.a2hosted.com\/eshop\/mirrada-mf-s1p-src-sandale\/"},"modified":"2026-05-07T21:14:31","modified_gmt":"2026-05-07T19:14:31","slug":"mirrada-mf-s1p-src-sandale","status":"publish","type":"product","link":"https:\/\/gajos.sk\/eshop\/p\/mirrada-mf-s1p-src-sandale\/","title":{"rendered":"MIRRADA MF S1P SRC sand\u00e1le"},"content":{"rendered":"","protected":false},"excerpt":{"rendered":"<p>Modern\u00e9 bezpe\u010dnostn\u00e9 sand\u00e1le s kompozitnou stielkou proti prepichnutiu a kompozitnou tu\u017einkou v \u0161pi\u010dke, ktor\u00e1 chr\u00e1ni pred stla\u010den\u00edm silou do 15 kN alebo p\u00e1dom bremena o v\u00e1he do 20kg z v\u00fd\u0161ky 1m. Antistatick\u00e1 podo\u0161va vyroben\u00e1 z kombin\u00e1cie polyuret\u00e1nu a ve\u013emi odolnej gumy garantuje nie len komfort, ale aj bezpe\u010die v\u010faka proti\u0161mykov\u00fdm vlastnostiam podr\u00e1\u017eky, ktor\u00e1 je navy\u0161e rezistentn\u00e1 vo\u010di olejom a oderu. Zvr\u0161ok obuvi je vyroben\u00fd z pr\u00edrodnej ko\u017ee \u201eNUBUCK\u201c a vn\u00fatorn\u00e1 pod\u0161\u00edvka z priedu\u0161n\u00e9ho polyesteru. Zav\u00e4zovanie pomocou elastick\u00fdch \u0161n\u00farok umo\u017e\u0148uje ide\u00e1lne prisp\u00f4sobi\u0165 obuv k tvaru nohy. Reflexn\u00e9 prvky garantuj\u00fa zv\u00fd\u0161en\u00fa vidite\u013enos\u0165 u\u017e\u00edvate\u013ea. Tento model je vybaven\u00fd komfortnou vn\u00fatornou stielkou, ktor\u00e1 v\u010faka g\u00e9lovej p\u00e4te e\u0161te lep\u0161ie tlm\u00ed n\u00e1razy a prin\u00e1\u0161a maxim\u00e1lny pocit pohodlia po\u010das pr\u00e1ce. Tieto top\u00e1nky vypadaj\u00fa ako \u0161portov\u00e1 obuv, ale pri tom dokonale ochr\u00e1nia va\u0161e nohy.<\/p>\n","protected":false},"featured_media":332579,"template":"","meta":{"_acf_changed":false,"inline_featured_image":false},"product_brand":[],"product_cat":[2142,2143],"product_tag":[1179],"class_list":{"0":"post-332577","1":"product","2":"type-product","3":"status-publish","4":"has-post-thumbnail","6":"product_cat-obuv","7":"product_cat-sandale","8":"product_tag-cerva","9":"pa_farba-cierna","10":"pa_velkost-3115","11":"pa_velkost-3116","12":"pa_velkost-3117","13":"pa_velkost-3118","14":"pa_velkost-3119","15":"pa_velkost-3109","16":"pa_velkost-3121","17":"pa_velkost-3110","18":"pa_velkost-3111","19":"pa_velkost-3112","20":"pa_velkost-3113","21":"pa_velkost-3114","23":"first","24":"instock","25":"taxable","26":"shipping-taxable","27":"purchasable","28":"product-type-variable"},"acf":[],"_links":{"self":[{"href":"https:\/\/gajos.sk\/eshop\/wp-json\/wp\/v2\/product\/332577","targetHints":{"allow":["GET"]}}],"collection":[{"href":"https:\/\/gajos.sk\/eshop\/wp-json\/wp\/v2\/product"}],"about":[{"href":"https:\/\/gajos.sk\/eshop\/wp-json\/wp\/v2\/types\/product"}],"wp:featuredmedia":[{"embeddable":true,"href":"https:\/\/gajos.sk\/eshop\/wp-json\/wp\/v2\/media\/332579"}],"wp:attachment":[{"href":"https:\/\/gajos.sk\/eshop\/wp-json\/wp\/v2\/media?parent=332577"}],"wp:term":[{"taxonomy":"product_brand","embeddable":true,"href":"https:\/\/gajos.sk\/eshop\/wp-json\/wp\/v2\/product_brand?post=332577"},{"taxonomy":"product_cat","embeddable":true,"href":"https:\/\/gajos.sk\/eshop\/wp-json\/wp\/v2\/product_cat?post=332577"},{"taxonomy":"product_tag","embeddable":true,"href":"https:\/\/gajos.sk\/eshop\/wp-json\/wp\/v2\/product_tag?post=332577"}],"curies":[{"name":"wp","href":"https:\/\/api.w.org\/{rel}","templated":true}]}}