{"id":332562,"date":"2024-03-01T19:05:35","date_gmt":"2024-03-01T18:05:35","guid":{"rendered":"https:\/\/gajostest.a2hosted.com\/eshop\/hagewill-mf-esd-s1p-src-sandale\/"},"modified":"2026-05-07T21:14:31","modified_gmt":"2026-05-07T19:14:31","slug":"hagewill-mf-esd-s1p-src-sandale","status":"publish","type":"product","link":"https:\/\/gajos.sk\/eshop\/p\/hagewill-mf-esd-s1p-src-sandale\/","title":{"rendered":"HAGEWILL MF ESD S1P SRC sand\u00e1le"},"content":{"rendered":"","protected":false},"excerpt":{"rendered":"<p>Bezpe\u010dnostn\u00e9 sand\u00e1le v modernej modro-\u010diernej farebnej kombin\u00e1cii. Zvr\u0161ok obuvy je vyroben\u00fd z mikrovl\u00e1kna a perforovan\u00fd po celej d\u013a\u017eke. Protisklzov\u00e1 podo\u0161va odoln\u00e1 olejom je vyroban\u00e1 z polyuret\u00e1nu a transparentn\u00e9ho termopolyuretanu. Podo\u0161va zais\u0165uje nielen komfort, ale aj maxim\u00e1lnu istotu pri ka\u017edom kroku. Obuv je vybaven\u00e1 komfortnou, perforovanu vn\u00fatornou stielkou, ktor\u00e1 garantuje pohodlie a cirkul\u00e1ciu vzduchu vo vn\u00fatri top\u00e1nky. Absorbcia energie v oblasti p\u00e4ty tlm\u00ed n\u00e1razy a br\u00e1ni pocitu \u00fanavy n\u00f4h. V\u010faka bezpe\u010dnostnej kompozitnej \u0161pi\u010dke obuv spl\u0148uje po\u017eiadavky normy EN ISO 20345:2011. To znamen\u00e1, \u017ee chodidl\u00e1 s\u00fa chr\u00e1nen\u00e9 pred stla\u010den\u00edm silou do 15 kN alebo p\u00e1dom bremena s v\u00e1hou do 20kg z v\u00fd\u0161ky 1m. Chodidl\u00e1 s\u00fa chr\u00e1nen\u00e9 aj zo spodu, a to v\u010faka kompozitnej stielke, proti prepichnutiu. Obuv neobsahuje kovov\u00e9 s\u00fa\u010dasti a je vybaven\u00e1 funkciou ESD. Preto je to ide\u00e1lny model pre vn\u00fatorn\u00e9 priestory a citliv\u00e9 prostredie, kde je potreba zabr\u00e1ni\u0165 vzniku iskier z elektrostatick\u00e9ho v\u00fdboja alebo pre priestory vybaven\u00e9 bezpe\u010dnostn\u00fdm r\u00e1mom. Obuv je vhodn\u00e1 pre zamestnancov s vysok\u00fdm n\u00e1rtom, preto\u017ee v\u010faka ve\u013emi pohodln\u00e9mu zap\u00ednaniu na such\u00fd zips je mo\u017en\u00e9 prisp\u00f4sobi\u0165 vrchn\u00fa \u010da\u0165 sand\u00e1lov presne na mieru a dosiahnu\u0165 maxim\u00e1lneho komfortu po\u010das pr\u00e1ce.<\/p>\n","protected":false},"featured_media":332564,"template":"","meta":{"_acf_changed":false,"inline_featured_image":false},"product_brand":[],"product_cat":[2142,2143],"product_tag":[1179],"class_list":{"0":"post-332562","1":"product","2":"type-product","3":"status-publish","4":"has-post-thumbnail","6":"product_cat-obuv","7":"product_cat-sandale","8":"product_tag-cerva","9":"pa_farba-modra","10":"pa_velkost-3119","11":"pa_velkost-3109","12":"pa_velkost-3120","13":"pa_velkost-3110","14":"pa_velkost-3121","15":"pa_velkost-3111","16":"pa_velkost-3112","17":"pa_velkost-3113","18":"pa_velkost-3114","19":"pa_velkost-3115","20":"pa_velkost-3116","21":"pa_velkost-3117","22":"pa_velkost-3118","24":"first","25":"instock","26":"taxable","27":"shipping-taxable","28":"purchasable","29":"product-type-variable"},"acf":[],"_links":{"self":[{"href":"https:\/\/gajos.sk\/eshop\/wp-json\/wp\/v2\/product\/332562","targetHints":{"allow":["GET"]}}],"collection":[{"href":"https:\/\/gajos.sk\/eshop\/wp-json\/wp\/v2\/product"}],"about":[{"href":"https:\/\/gajos.sk\/eshop\/wp-json\/wp\/v2\/types\/product"}],"wp:featuredmedia":[{"embeddable":true,"href":"https:\/\/gajos.sk\/eshop\/wp-json\/wp\/v2\/media\/332564"}],"wp:attachment":[{"href":"https:\/\/gajos.sk\/eshop\/wp-json\/wp\/v2\/media?parent=332562"}],"wp:term":[{"taxonomy":"product_brand","embeddable":true,"href":"https:\/\/gajos.sk\/eshop\/wp-json\/wp\/v2\/product_brand?post=332562"},{"taxonomy":"product_cat","embeddable":true,"href":"https:\/\/gajos.sk\/eshop\/wp-json\/wp\/v2\/product_cat?post=332562"},{"taxonomy":"product_tag","embeddable":true,"href":"https:\/\/gajos.sk\/eshop\/wp-json\/wp\/v2\/product_tag?post=332562"}],"curies":[{"name":"wp","href":"https:\/\/api.w.org\/{rel}","templated":true}]}}