{"id":332529,"date":"2024-03-01T19:05:27","date_gmt":"2024-03-01T18:05:27","guid":{"rendered":"https:\/\/gajostest.a2hosted.com\/eshop\/wera-mf-esd-s1p-src-sandale\/"},"modified":"2026-04-15T21:20:41","modified_gmt":"2026-04-15T19:20:41","slug":"wera-mf-esd-s1p-src-sandale","status":"publish","type":"product","link":"https:\/\/gajos.sk\/eshop\/p\/wera-mf-esd-s1p-src-sandale\/","title":{"rendered":"WERA MF ESD S1P SRC sand\u00e1le"},"content":{"rendered":"","protected":false},"excerpt":{"rendered":"<p>Pohodln\u00fd sand\u00e1l so such\u00fdm zipsom, podo\u0161vou PU\/TPU, certifik\u00e1ciou ESD, kompozitnou hypoalerg\u00e9nnou tu\u017einkou a stielkou proti prepichnutiu z viacvrstvov\u00e9ho polyesteru, ktor\u00e1 odol\u00e1 tlaku a\u017e 1.100 newtonov. Ultra priedu\u0161n\u00fd perforovan\u00fd zvr\u0161ok z mikrovl\u00e1kna umo\u017e\u0148uje dobr\u00fa cirkul\u00e1ciu vzduchu, \u010d\u00edm zvy\u0161uje pohodlie pou\u017e\u00edvate\u013ea. Pre vn\u00fatorn\u00fa pod\u0161\u00edvku bola pou\u017eit\u00e1 \u0161peci\u00e1lna tkanina AIRNET mesh s technol\u00f3giou mikrokan\u00e1likov, ktor\u00e1 zais\u0165uje vysok\u00fa transportn\u00fa funk\u010dnos\u0165. V\u010faka podo\u0161ve vyrobenej z vysokohustotn\u00e9ho termo-polyuret\u00e1nu (TPU) je top\u00e1nka vhodn\u00e1 ako do indoor prostredia, tak do exteri\u00e9ru. Dostato\u010dn\u00fd komfort podo\u0161vy zais\u0165uje vrstva polyuret\u00e1nu s ni\u017e\u0161ou hustotou (PU) a schopnos\u0165 absorpcie energie v oblasti p\u00e4ty. Model je v\u00fdroben\u00fd z certifikovan\u00fdch komponentov najvy\u0161\u0161ej kvality a 100% talianskym v\u00fdrobcom bezpe\u010dnostnej a pracovnej obuvi s viac ako 40 rokmi sk\u00fasenost\u00ed v obore.<\/p>\n","protected":false},"featured_media":332531,"template":"","meta":{"_acf_changed":false,"inline_featured_image":false},"product_brand":[],"product_cat":[2142,2143],"product_tag":[2207],"class_list":{"0":"post-332529","1":"product","2":"type-product","3":"status-publish","4":"has-post-thumbnail","6":"product_cat-obuv","7":"product_cat-sandale","8":"product_tag-panda-safety","9":"pa_farba-modra","10":"pa_velkost-3115","11":"pa_velkost-3116","12":"pa_velkost-3117","13":"pa_velkost-3118","14":"pa_velkost-3119","15":"pa_velkost-3109","16":"pa_velkost-3120","17":"pa_velkost-3110","18":"pa_velkost-3121","19":"pa_velkost-3111","20":"pa_velkost-3125","21":"pa_velkost-3112","22":"pa_velkost-3113","23":"pa_velkost-3114","25":"first","26":"instock","27":"taxable","28":"shipping-taxable","29":"purchasable","30":"product-type-variable"},"acf":[],"_links":{"self":[{"href":"https:\/\/gajos.sk\/eshop\/wp-json\/wp\/v2\/product\/332529","targetHints":{"allow":["GET"]}}],"collection":[{"href":"https:\/\/gajos.sk\/eshop\/wp-json\/wp\/v2\/product"}],"about":[{"href":"https:\/\/gajos.sk\/eshop\/wp-json\/wp\/v2\/types\/product"}],"wp:featuredmedia":[{"embeddable":true,"href":"https:\/\/gajos.sk\/eshop\/wp-json\/wp\/v2\/media\/332531"}],"wp:attachment":[{"href":"https:\/\/gajos.sk\/eshop\/wp-json\/wp\/v2\/media?parent=332529"}],"wp:term":[{"taxonomy":"product_brand","embeddable":true,"href":"https:\/\/gajos.sk\/eshop\/wp-json\/wp\/v2\/product_brand?post=332529"},{"taxonomy":"product_cat","embeddable":true,"href":"https:\/\/gajos.sk\/eshop\/wp-json\/wp\/v2\/product_cat?post=332529"},{"taxonomy":"product_tag","embeddable":true,"href":"https:\/\/gajos.sk\/eshop\/wp-json\/wp\/v2\/product_tag?post=332529"}],"curies":[{"name":"wp","href":"https:\/\/api.w.org\/{rel}","templated":true}]}}